{"id":452,"date":"2023-10-24T19:11:26","date_gmt":"2023-10-24T17:11:26","guid":{"rendered":"https:\/\/www.maehlbira.at\/home\/?page_id=452"},"modified":"2023-10-24T19:11:36","modified_gmt":"2023-10-24T17:11:36","slug":"presseberichte","status":"publish","type":"page","link":"https:\/\/www.maehlbira.at\/home\/presseberichte\/","title":{"rendered":"Presseberichte"},"content":{"rendered":"\t\t<div data-elementor-type=\"wp-page\" data-elementor-id=\"452\" class=\"elementor elementor-452\">\n\t\t\t\t<div class=\"elementor-element elementor-element-8add209 e-flex e-con-boxed e-con e-parent\" data-id=\"8add209\" data-element_type=\"container\" data-e-type=\"container\">\n\t\t\t\t\t<div class=\"e-con-inner\">\n\t\t\t\t<div class=\"elementor-element elementor-element-9c78c41 elementor-widget elementor-widget-heading\" data-id=\"9c78c41\" data-element_type=\"widget\" data-e-type=\"widget\" data-widget_type=\"heading.default\">\n\t\t\t\t<div class=\"elementor-widget-container\">\n\t\t\t\t\t<h4 class=\"elementor-heading-title elementor-size-xl\">N\u00fcziger H\u00e4chla - Vielen Dank an alle Unterst\u00fctzer<\/h4>\t\t\t\t<\/div>\n\t\t\t\t<\/div>\n\t\t\t\t\t<\/div>\n\t\t\t\t<\/div>\n\t\t<div class=\"elementor-element elementor-element-8f5b39a e-flex e-con-boxed e-con e-parent\" data-id=\"8f5b39a\" data-element_type=\"container\" data-e-type=\"container\">\n\t\t\t\t\t<div class=\"e-con-inner\">\n\t\t\t\t<div class=\"elementor-element elementor-element-439f955 elementor-widget elementor-widget-text-editor\" data-id=\"439f955\" data-element_type=\"widget\" data-e-type=\"widget\" data-widget_type=\"text-editor.default\">\n\t\t\t\t<div class=\"elementor-widget-container\">\n\t\t\t\t\t\t\t\t\t<p><span>Liebe Sponsoren, -G\u00f6nner und Freunde der M\u00e4hlbira Fasnatzunft,\u00a0<\/span><span>wir m\u00f6chten uns auf diesem Wege recht herzlich bei euch bedanken. Nur durch eure Unterst\u00fctzung ist es f\u00fcr Vereine wie uns m\u00f6glich, das Kulturgut \u201eFasching\u201c in N\u00fcziders hochzuhalten.<\/span><\/p><p><span>\u00a0<\/span><\/p><p><span>Ihr habt mit euren Beitr\u00e4gen einen wesentlichen Anteil dazu beigetragen, dass wir auch heuer die H\u00e4chla wieder in Angriff nehmen konnten, um dann der interessierten Leserschaft aus Nah und Fern zug\u00e4nglich zu machen.<\/span><\/p><p><span>Daf\u00fcr m\u00f6chten wir\u00a0<u>EUCH<\/u>\u00a0mit einem recht herzlichen \u201eVergelts Gott\u201c danken!!<\/span><\/p><p><span>\u00a0<\/span><\/p><p><span><b><strong><u>Unsere Sponsoren in alphabetischer Reihenfolge:<\/u><\/strong><\/b><\/span>\u00a0<\/p><ul><li><span>Allianz Versicherungsagentur N\u00fczider OG<\/span><\/li><li><span>Apotheke Sonnenberg KG<\/span><\/li><li><span>Autohaus Leidinger Gesellschaft m.b.H.<\/span><\/li><li><span>Bitschnau Christoph<\/span><\/li><li><span>Burtscher B\u00f6den GmbH.<\/span><\/li><li><span>Burtscher KG<\/span><\/li><li><span>Burtscher Landmaschinen<\/span><\/li><li><span>Camping D\u00fcnser GmbH. &amp; Co KG<\/span><\/li><li><span>Dr. Concin Josef<\/span><\/li><li><span>Dr. Dressel Bruno<\/span><\/li><li><span>Elektro Muther Gesellschaft m.b.H.<\/span><\/li><li><span>Elektro Steiner GmbH.<\/span><\/li><li><span>Emmi \u00d6sterreich GmbH.<\/span><\/li><li><span>Fritz Spenglerei GmbH.<\/span><\/li><li><span>Galehr Karl KG<\/span><\/li><li><span>Hypo Vorarlberg Bank AG<\/span><\/li><li><span>Dr. med. Jussel Heinz<\/span><\/li><li><span>Martin Verm\u00f6genstreuhand GmbH.<\/span><\/li><li><span>Micheli Transporte GmbH.<\/span><\/li><li><span>Neier Transporte+Logistik GmbH.<\/span><\/li><li><span>Physiotherapie Sonnenberg &#8211; Hufnagel Roland<\/span><\/li><li><span>Raiffeisen Bludenz-Montafon<\/span><\/li><li><span>Dipl.-Ing. Schmid Karl<\/span><\/li><li><span>Schennach GmbH.<\/span><\/li><li><span>Schraml Ges.m.b.H.<\/span><\/li><li><span>Siess Brennstoffe Ges.m.b.H &amp; Co KG<\/span><\/li><li><span>smartplan. et OG<\/span><\/li><li><span>Planungsb\u00fcro Taudes Helmut<\/span><\/li><li><span>Tomaselli Gabriel Bau GmbH.<\/span><\/li><li><span>Dr. Tschabrun Sylvia und Rudolf<\/span><\/li><li><span>Tschanun-Spescha Michaela<\/span><\/li><li><span>Uniqa Generalagentur \u2013 Fischer &amp; Steinbacher<\/span><\/li><li><span>Vonbank + Witwer GmbH.<\/span><\/li><li><span>Vonblon Maschinen GmbH.<\/span><\/li><li><span>Wagner GmbH.<\/span><\/li><li><span>ZIMBAPARK Shopping Center GmbH.<\/span><\/li><li><span>Zimmermann Wilfried\u00a0<\/span><\/li><\/ul><p style=\"font-weight: 300;\"><span>Ebenso bedanken wir uns bei der zahlreichen Lesern, die es sich nehmen lie\u00df, unsere Verkaufsst\u00e4nde zu \u201est\u00fcrmen\u201c, damit das unterhaltsame Druckwerk in N\u00fcziders und Umgebung, den interessierten Haushalten, zugef\u00fchrt werden konnte.<\/span><\/p><p style=\"font-weight: 300;\"><span>\u00a0<\/span><\/p><p style=\"font-weight: 300;\"><span>Auch am Faschingsdienstag waren die Z\u00fcnftler mit einer kleinen Abordnung im Dorf unterwegs. Diese \u00fcberraschten die sch\u00f6nen M\u00e4schgerle in der Volksschule und im Kindergarten mit Zuckerle, damit auch unsere kleinsten \u201eFaschingsnarren\u201c ein klein wenig vom Fasching kosten konnten.<\/span><\/p><p style=\"font-weight: 300;\"><span>\u00a0<\/span><\/p><p style=\"font-weight: 300;\"><span>In diesem Sinne \u2013 Bleibt gesund und bis bald\u2026<\/span><\/p><p style=\"font-weight: 300;\"><span>\u00a0<\/span><\/p><p style=\"font-weight: 300;\"><span>Mit einem dreifachen Bira, Bira \u2013 M\u00e4hl<\/span><\/p><p style=\"font-weight: 300;\"><span>\u00a0<\/span><\/p><p style=\"font-weight: 300;\"><span>Eure M\u00e4hlbira Fasnatzunft<\/span><\/p>\t\t\t\t\t\t\t\t<\/div>\n\t\t\t\t<\/div>\n\t\t\t\t\t<\/div>\n\t\t\t\t<\/div>\n\t\t<div class=\"elementor-element elementor-element-71fe9d2 e-flex e-con-boxed e-con e-parent\" data-id=\"71fe9d2\" data-element_type=\"container\" data-e-type=\"container\">\n\t\t\t\t\t<div class=\"e-con-inner\">\n\t\t\t\t<div class=\"elementor-element elementor-element-b449c34 elementor-widget-divider--view-line elementor-widget elementor-widget-divider\" data-id=\"b449c34\" data-element_type=\"widget\" data-e-type=\"widget\" data-widget_type=\"divider.default\">\n\t\t\t\t<div class=\"elementor-widget-container\">\n\t\t\t\t\t\t\t<div class=\"elementor-divider\">\n\t\t\t<span class=\"elementor-divider-separator\">\n\t\t\t\t\t\t<\/span>\n\t\t<\/div>\n\t\t\t\t\t\t<\/div>\n\t\t\t\t<\/div>\n\t\t\t\t\t<\/div>\n\t\t\t\t<\/div>\n\t\t<div class=\"elementor-element elementor-element-53111aa e-flex e-con-boxed e-con e-parent\" data-id=\"53111aa\" data-element_type=\"container\" data-e-type=\"container\">\n\t\t\t\t\t<div class=\"e-con-inner\">\n\t\t\t\t<div class=\"elementor-element elementor-element-4f07349 elementor-widget elementor-widget-heading\" data-id=\"4f07349\" data-element_type=\"widget\" data-e-type=\"widget\" data-widget_type=\"heading.default\">\n\t\t\t\t<div class=\"elementor-widget-container\">\n\t\t\t\t\t<h2 class=\"elementor-heading-title elementor-size-xl\">Unsere H\u00e4chla stellt Corona ein Bein\u2026<\/h2>\t\t\t\t<\/div>\n\t\t\t\t<\/div>\n\t\t\t\t\t<\/div>\n\t\t\t\t<\/div>\n\t\t<div class=\"elementor-element elementor-element-80293a8 e-flex e-con-boxed e-con e-parent\" data-id=\"80293a8\" data-element_type=\"container\" data-e-type=\"container\">\n\t\t\t\t\t<div class=\"e-con-inner\">\n\t\t\t\t<div class=\"elementor-element elementor-element-d9d27c6 elementor-widget elementor-widget-text-editor\" data-id=\"d9d27c6\" data-element_type=\"widget\" data-e-type=\"widget\" data-widget_type=\"text-editor.default\">\n\t\t\t\t<div class=\"elementor-widget-container\">\n\t\t\t\t\t\t\t\t\t<p style=\"font-weight: 300;\"><span>Das Covid-19-Virus beherrscht im Moment unser L\u00e4ndle und macht es heuer unm\u00f6glich, den N\u00fcziger Faschingsumzug am Fasnat Zischtig durchzuf\u00fchren. Nicht so unsere H\u00e4chla.<\/span><\/p><p style=\"font-weight: 300;\"><span>\u00a0<\/span><\/p><p style=\"font-weight: 300;\"><span>Sie versucht mit aller Kraft der Pandemie zu trotzen, um am Faschingssamstag unter das wissbegierige Volk gebracht werden zu k\u00f6nnen. Damit dieses Vorhaben gelingt, sind wir auf eure Hilfe angewiesen und auf der Suche nach lustigen Ereignissen, welche sich im N\u00fcziger Dorfleben ereignet haben.<\/span><\/p><p style=\"font-weight: 300;\"><span>\u00a0<\/span><\/p><p style=\"font-weight: 300;\"><span>Es w\u00fcrde uns sehr freuen, wenn ihr uns Beitr\u00e4ge per Post an die Fasnatzunft N\u00fcziders, Zunftschreiber Matthias Gestrich, Illweg 8a, 6714 N\u00fcziders, per E-Mail an\u00a0<a href=\"mailto:haechla@gmx.at\"><span>haechla@fz-nueziders.com<\/span><\/a>\u00a0oder auf unserer Website\u00a0<a href=\"http:\/\/www.fz-nueziders.com\/\"><span>www.fz-nueziders.com<\/span><\/a>\u00a0zusenden k\u00f6nntet. Ihr k\u00f6nnt die Beitr\u00e4ge bei jedem Zunftmitglied abgeben, damit diese an die H\u00e4chla-Redaktion weiterleitet.<\/span><\/p><p style=\"font-weight: 300;\"><span>\u00a0<\/span><\/p><p style=\"font-weight: 300;\"><span>Die unabh\u00e4ngige Dorfzeitung mit leicht verderblichem Inhalt ist am Samstag, den 13.02.2021 druckfrisch an den bekannten Stellen, heuer jedoch nur in N\u00fcziders, erh\u00e4ltlich.<\/span><\/p>\t\t\t\t\t\t\t\t<\/div>\n\t\t\t\t<\/div>\n\t\t\t\t\t<\/div>\n\t\t\t\t<\/div>\n\t\t<div class=\"elementor-element elementor-element-c2687c7 e-flex e-con-boxed e-con e-parent\" data-id=\"c2687c7\" data-element_type=\"container\" data-e-type=\"container\">\n\t\t\t\t\t<div class=\"e-con-inner\">\n\t\t\t\t<div class=\"elementor-element elementor-element-6f1e884 elementor-widget-divider--view-line elementor-widget elementor-widget-divider\" data-id=\"6f1e884\" data-element_type=\"widget\" data-e-type=\"widget\" data-widget_type=\"divider.default\">\n\t\t\t\t<div class=\"elementor-widget-container\">\n\t\t\t\t\t\t\t<div class=\"elementor-divider\">\n\t\t\t<span class=\"elementor-divider-separator\">\n\t\t\t\t\t\t<\/span>\n\t\t<\/div>\n\t\t\t\t\t\t<\/div>\n\t\t\t\t<\/div>\n\t\t\t\t\t<\/div>\n\t\t\t\t<\/div>\n\t\t<div class=\"elementor-element elementor-element-a616aee e-flex e-con-boxed e-con e-parent\" data-id=\"a616aee\" data-element_type=\"container\" data-e-type=\"container\">\n\t\t\t\t\t<div class=\"e-con-inner\">\n\t\t\t\t<div class=\"elementor-element elementor-element-25320fc elementor-widget elementor-widget-heading\" data-id=\"25320fc\" data-element_type=\"widget\" data-e-type=\"widget\" data-widget_type=\"heading.default\">\n\t\t\t\t<div class=\"elementor-widget-container\">\n\t\t\t\t\t<h5 class=\"elementor-heading-title elementor-size-xl\">J\u00e4hrlicher Abschluss in M\u00e4hlbirnen<\/h5>\t\t\t\t<\/div>\n\t\t\t\t<\/div>\n\t\t\t\t\t<\/div>\n\t\t\t\t<\/div>\n\t\t<div class=\"elementor-element elementor-element-0d04f15 e-flex e-con-boxed e-con e-parent\" data-id=\"0d04f15\" data-element_type=\"container\" data-e-type=\"container\">\n\t\t\t\t\t<div class=\"e-con-inner\">\n\t\t<div class=\"elementor-element elementor-element-ea02101 e-con-full e-flex e-con e-child\" data-id=\"ea02101\" data-element_type=\"container\" data-e-type=\"container\">\n\t\t\t\t<div class=\"elementor-element elementor-element-d021ae2 elementor-widget elementor-widget-image\" data-id=\"d021ae2\" data-element_type=\"widget\" data-e-type=\"widget\" data-widget_type=\"image.default\">\n\t\t\t\t<div class=\"elementor-widget-container\">\n\t\t\t\t\t\t\t\t\t\t\t\t\t\t\t<img fetchpriority=\"high\" decoding=\"async\" width=\"398\" height=\"299\" src=\"https:\/\/www.maehlbira.at\/wp-content\/uploads\/2023\/10\/Platz.jpg\" class=\"attachment-large size-large wp-image-463\" alt=\"\" srcset=\"https:\/\/www.maehlbira.at\/wp-content\/uploads\/2023\/10\/Platz.jpg 398w, https:\/\/www.maehlbira.at\/wp-content\/uploads\/2023\/10\/Platz-300x225.jpg 300w\" sizes=\"(max-width: 398px) 100vw, 398px\" \/>\t\t\t\t\t\t\t\t\t\t\t\t\t\t\t<\/div>\n\t\t\t\t<\/div>\n\t\t\t\t<\/div>\n\t\t<div class=\"elementor-element elementor-element-c0c0464 e-con-full e-flex e-con e-child\" data-id=\"c0c0464\" data-element_type=\"container\" data-e-type=\"container\">\n\t\t\t\t<div class=\"elementor-element elementor-element-289c938 elementor-widget elementor-widget-text-editor\" data-id=\"289c938\" data-element_type=\"widget\" data-e-type=\"widget\" data-widget_type=\"text-editor.default\">\n\t\t\t\t<div class=\"elementor-widget-container\">\n\t\t\t\t\t\t\t\t\t<p style=\"font-weight: 300;\"><span>Nun ist es wieder so weit,<\/span><\/p><p style=\"font-weight: 300;\"><span>die n\u00e4rrische Zeit steht f\u00fcr uns bereit.<\/span><\/p><p style=\"font-weight: 300;\"><span>\u00a0<\/span><\/p><p style=\"font-weight: 300;\"><span>N\u00fcziders wird am Fasnatzischtig zur Narrenhochburg gemacht,<\/span><\/p><p style=\"font-weight: 300;\"><span>bis die Bude kracht wird gesungen und gelacht.<\/span><\/p><p style=\"font-weight: 300;\"><span>\u00a0<\/span><\/p><p style=\"font-weight: 300;\"><span>Am 05.03.2019 um 14:00 Uhr wird der Umzug gestartet,<\/span><\/p><p style=\"font-weight: 300;\"><span>von nah und fern werden M\u00e4schgerle und Besucher erwartet.<\/span><\/p><p style=\"font-weight: 300;\"><span>\u00a0<\/span><\/p><p style=\"font-weight: 300;\"><span>Die M\u00e4hlbira Fasnatzunft l\u00e4dt euch ein,<\/span><\/p><p style=\"font-weight: 300;\"><span>bei diesem Spektakel dabei zu sein!<\/span><\/p><p style=\"font-weight: 300;\"><span>\u00a0<\/span><\/p><p style=\"font-weight: 300;\"><span>Bira, Bira rufen wir euch zu,<\/span><\/p><p style=\"font-weight: 300;\"><span>ihr m\u00fcsst mit \u201eM\u00e4hl\u201c antworten im Nu.<\/span><\/p><p style=\"font-weight: 300;\"><span>\u00a0<\/span><\/p><p style=\"font-weight: 300;\"><span>Genug geredet, jetzt folgen Taten,<\/span><\/p><p style=\"font-weight: 300;\"><span>kommt nach N\u00fcziders, das k\u00f6nnen wir euch nur raten!<\/span><\/p><p style=\"font-weight: 300;\"><span>\u00a0<\/span><\/p><p style=\"font-weight: 300;\"><span>Wir freuen uns euch bei unserem Umzug begr\u00fc\u00dfen zu d\u00fcrfen und verbleiben bis dahin<\/span><\/p><p style=\"font-weight: 300;\"><span>mit einem dreifachen&#8230;<\/span><\/p><p style=\"font-weight: 300;\"><span>&#8230;Bira, Bira &#8211; M\u00e4hl!<\/span><\/p><p style=\"font-weight: 300;\"><span>Eure M\u00e4hlbira Fasantzunft<\/span><\/p><p style=\"font-weight: 300;\"><span>\u00a0<\/span><\/p><p style=\"text-align: left;\"><span><b><strong><u><span>F\u00fcr Sp\u00e4tentschlossene:<\/span><\/u><\/strong><\/b><\/span><\/p><p style=\"text-align: left;\"><span>mzugsanmeldungen k\u00f6nnen bis Rosenmontag beim Zunftschreiber Thomas Schalegg per<\/span><\/p><p style=\"text-align: left;\"><span>E-Mail: zunftschreiber@fz-nueziders.com oder \u00fcber die Website: www.fz-nueziders.com<\/span><\/p><p style=\"text-align: left;\"><span>abgegeben werden.<\/span><\/p>\t\t\t\t\t\t\t\t<\/div>\n\t\t\t\t<\/div>\n\t\t\t\t<\/div>\n\t\t\t\t\t<\/div>\n\t\t\t\t<\/div>\n\t\t<div class=\"elementor-element elementor-element-ddbbcee e-flex e-con-boxed e-con e-parent\" data-id=\"ddbbcee\" data-element_type=\"container\" data-e-type=\"container\">\n\t\t\t\t\t<div class=\"e-con-inner\">\n\t\t\t\t<div class=\"elementor-element elementor-element-f5f62fc elementor-widget-divider--view-line elementor-widget elementor-widget-divider\" data-id=\"f5f62fc\" data-element_type=\"widget\" data-e-type=\"widget\" data-widget_type=\"divider.default\">\n\t\t\t\t<div class=\"elementor-widget-container\">\n\t\t\t\t\t\t\t<div class=\"elementor-divider\">\n\t\t\t<span class=\"elementor-divider-separator\">\n\t\t\t\t\t\t<\/span>\n\t\t<\/div>\n\t\t\t\t\t\t<\/div>\n\t\t\t\t<\/div>\n\t\t\t\t\t<\/div>\n\t\t\t\t<\/div>\n\t\t\t\t<\/div>\n\t\t","protected":false},"excerpt":{"rendered":"<p>N\u00fcziger H\u00e4chla &#8211; Vielen Dank an alle Unterst\u00fctzer Liebe Sponsoren, -G\u00f6nner und Freunde der M\u00e4hlbira Fasnatzunft,\u00a0wir m\u00f6chten uns auf diesem Wege recht herzlich bei euch bedanken. Nur durch eure Unterst\u00fctzung ist es f\u00fcr Vereine wie uns m\u00f6glich, das Kulturgut \u201eFasching\u201c in N\u00fcziders hochzuhalten. \u00a0 Ihr habt mit euren Beitr\u00e4gen einen wesentlichen Anteil dazu beigetragen, dass [&hellip;]<\/p>\n","protected":false},"author":1,"featured_media":0,"parent":0,"menu_order":0,"comment_status":"closed","ping_status":"closed","template":"","meta":{"ocean_post_layout":"","ocean_both_sidebars_style":"","ocean_both_sidebars_content_width":0,"ocean_both_sidebars_sidebars_width":0,"ocean_sidebar":"","ocean_second_sidebar":"","ocean_disable_margins":"enable","ocean_add_body_class":"","ocean_shortcode_before_top_bar":"","ocean_shortcode_after_top_bar":"","ocean_shortcode_before_header":"","ocean_shortcode_after_header":"","ocean_has_shortcode":"","ocean_shortcode_after_title":"","ocean_shortcode_before_footer_widgets":"","ocean_shortcode_after_footer_widgets":"","ocean_shortcode_before_footer_bottom":"","ocean_shortcode_after_footer_bottom":"","ocean_display_top_bar":"default","ocean_display_header":"default","ocean_header_style":"","ocean_center_header_left_menu":"","ocean_custom_header_template":"","ocean_custom_logo":0,"ocean_custom_retina_logo":0,"ocean_custom_logo_max_width":0,"ocean_custom_logo_tablet_max_width":0,"ocean_custom_logo_mobile_max_width":0,"ocean_custom_logo_max_height":0,"ocean_custom_logo_tablet_max_height":0,"ocean_custom_logo_mobile_max_height":0,"ocean_header_custom_menu":"","ocean_menu_typo_font_family":"","ocean_menu_typo_font_subset":"","ocean_menu_typo_font_size":0,"ocean_menu_typo_font_size_tablet":0,"ocean_menu_typo_font_size_mobile":0,"ocean_menu_typo_font_size_unit":"px","ocean_menu_typo_font_weight":"","ocean_menu_typo_font_weight_tablet":"","ocean_menu_typo_font_weight_mobile":"","ocean_menu_typo_transform":"","ocean_menu_typo_transform_tablet":"","ocean_menu_typo_transform_mobile":"","ocean_menu_typo_line_height":0,"ocean_menu_typo_line_height_tablet":0,"ocean_menu_typo_line_height_mobile":0,"ocean_menu_typo_line_height_unit":"","ocean_menu_typo_spacing":0,"ocean_menu_typo_spacing_tablet":0,"ocean_menu_typo_spacing_mobile":0,"ocean_menu_typo_spacing_unit":"","ocean_menu_link_color":"","ocean_menu_link_color_hover":"","ocean_menu_link_color_active":"","ocean_menu_link_background":"","ocean_menu_link_hover_background":"","ocean_menu_link_active_background":"","ocean_menu_social_links_bg":"","ocean_menu_social_hover_links_bg":"","ocean_menu_social_links_color":"","ocean_menu_social_hover_links_color":"","ocean_disable_title":"default","ocean_disable_heading":"default","ocean_post_title":"","ocean_post_subheading":"","ocean_post_title_style":"","ocean_post_title_background_color":"","ocean_post_title_background":0,"ocean_post_title_bg_image_position":"","ocean_post_title_bg_image_attachment":"","ocean_post_title_bg_image_repeat":"","ocean_post_title_bg_image_size":"","ocean_post_title_height":0,"ocean_post_title_bg_overlay":0.5,"ocean_post_title_bg_overlay_color":"","ocean_disable_breadcrumbs":"default","ocean_breadcrumbs_color":"","ocean_breadcrumbs_separator_color":"","ocean_breadcrumbs_links_color":"","ocean_breadcrumbs_links_hover_color":"","ocean_display_footer_widgets":"default","ocean_display_footer_bottom":"default","ocean_custom_footer_template":"","footnotes":""},"class_list":["post-452","page","type-page","status-publish","hentry","entry"],"_links":{"self":[{"href":"https:\/\/www.maehlbira.at\/home\/wp-json\/wp\/v2\/pages\/452","targetHints":{"allow":["GET"]}}],"collection":[{"href":"https:\/\/www.maehlbira.at\/home\/wp-json\/wp\/v2\/pages"}],"about":[{"href":"https:\/\/www.maehlbira.at\/home\/wp-json\/wp\/v2\/types\/page"}],"author":[{"embeddable":true,"href":"https:\/\/www.maehlbira.at\/home\/wp-json\/wp\/v2\/users\/1"}],"replies":[{"embeddable":true,"href":"https:\/\/www.maehlbira.at\/home\/wp-json\/wp\/v2\/comments?post=452"}],"version-history":[{"count":16,"href":"https:\/\/www.maehlbira.at\/home\/wp-json\/wp\/v2\/pages\/452\/revisions"}],"predecessor-version":[{"id":469,"href":"https:\/\/www.maehlbira.at\/home\/wp-json\/wp\/v2\/pages\/452\/revisions\/469"}],"wp:attachment":[{"href":"https:\/\/www.maehlbira.at\/home\/wp-json\/wp\/v2\/media?parent=452"}],"curies":[{"name":"wp","href":"https:\/\/api.w.org\/{rel}","templated":true}]}}