{"id":424,"date":"2023-10-24T13:52:19","date_gmt":"2023-10-24T11:52:19","guid":{"rendered":"https:\/\/www.maehlbira.at\/home\/?page_id=424"},"modified":"2023-10-24T13:57:29","modified_gmt":"2023-10-24T11:57:29","slug":"impressum","status":"publish","type":"page","link":"https:\/\/www.maehlbira.at\/home\/impressum\/","title":{"rendered":"Impressum"},"content":{"rendered":"\t\t<div data-elementor-type=\"wp-page\" data-elementor-id=\"424\" class=\"elementor elementor-424\">\n\t\t\t\t<div class=\"elementor-element elementor-element-2ccd19e e-flex e-con-boxed e-con e-parent\" data-id=\"2ccd19e\" data-element_type=\"container\" data-e-type=\"container\">\n\t\t\t\t\t<div class=\"e-con-inner\">\n\t\t\t\t<div class=\"elementor-element elementor-element-fa1c309 elementor-widget elementor-widget-text-editor\" data-id=\"fa1c309\" data-element_type=\"widget\" data-e-type=\"widget\" data-widget_type=\"text-editor.default\">\n\t\t\t\t<div class=\"elementor-widget-container\">\n\t\t\t\t\t\t\t\t\t<div class=\"cd-section-content\">\n<div class=\"cd-row\">\n<div class=\"cd-col m12\">\n<div id=\"block_1000051\" class=\"cd-block\" data-block-type=\"0\">\n<div id=\"block_1000051_content\" class=\"cd-block-content\">\n<div id=\"cc-m-13932130296\" class=\"j-module n j-header \">\n<h1 id=\"cc-m-header-13932130296\" class=\"\">Daten<\/h1>\n<\/div>\n<div id=\"cc-m-13932166096\" class=\"j-module n j-text \">\n<div><strong>Rechtform:<\/strong><\/div>\n<div>Verein<\/div>\n<div>&nbsp;<\/div>\n<div><strong>Vereinsregisternummer:<\/strong><\/div>\n<div>ZVR Nr.: 759275223<\/div>\n<div>&nbsp;<\/div>\n<div><strong>Vereinssitz:<\/strong><\/div>\n<div>N\u00fcziders<\/div>\n<div>&nbsp;<\/div>\n<div><strong>Vereinszweck:<\/strong><\/div>\n<div>Der Verein, dessen T\u00e4tigkeiten nicht auf Gewinn gerichtet ist, bezweckt die Erhaltung und F\u00f6rderung von alten Volksbr\u00e4uchen, insbesondere von alten Fasnatbrauchtum (Maskenl\u00e4ufen).<\/div>\n<div>&nbsp;<\/div>\n<div><strong>Vereinsstatuten:<\/strong><\/div>\n<div>Unsere Vereinsstatuten finden sie auf unserer Homepage im Mitgliederbereich. (www.maehlbira.at).<\/div>\n<div>&nbsp;<\/div>\n<div><strong>Vertretungesbefugtes Organ:<\/strong><\/div>\n<div>Vereinsobmannteam: Schalegg Thomas, Markus L\u00e4ngle, Werner Fr\u00f6hlich<\/div>\n<div>&nbsp;<\/div>\n<div><strong>Grundlegende Richtung der Website:<\/strong><\/div>\n<div>Diese Website stellt Informationen \u00fcber unserer Vereinsleben und das von uns gelebte Brauchtum zur Verf\u00fcgung.<\/div>\n<div>&nbsp;<\/div>\n<div><strong>Beh\u00f6rde:<\/strong><\/div>\n<div>Bezirkshauptmannschaft Bludenz<\/div><div><br><\/div>\n<\/div>\n<div id=\"cc-m-13932173796\" class=\"j-module n j-header \">\n<h1 id=\"cc-m-header-13932173796\" class=\"\">Datenschutz<\/h1>\n<\/div>\n<div id=\"cc-m-13932174496\" class=\"j-module n j-text \">\n<table align=\"\">\n<tbody>\n<tr>\n<td>\n<p><strong>Datenschutzrichtlinie<\/strong><br>Die Einhaltung der geltenden gesetzlichen Bestimmungen zum Datenschutz personenbezogener Daten ist f\u00fcr uns selbstverst\u00e4ndlich. Gem\u00e4\u00df Datenschutzgesetz (DSG 2000) sind personenbezogene Daten Informationen, die genutzt werden k\u00f6nnen, um die Identit\u00e4t von Web-Benutzern zu erfahren. Darunter fallen Informationen wie Name, Adresse, Postanschrift, Telefonnummer etc. S\u00e4mtliche Informationen, die nicht direkt mit der tats\u00e4chlichen Identit\u00e4t des Benutzers in Verbindung gebracht werden k\u00f6nnen fallen somit nicht darunter.<\/p>\n<p>Bei einem Besuch dieser Website erheben wir ohne Ihrer freiwilligen Anmeldung keine personenbezogenen Daten von Ihnen. Es fallen jedoch (automatisch) Daten an, die in einer Protokolldatei auf unserem Server gespeichert und ausschlie\u00dflich anonym zu Statistikzwecken ausgewertet werden.<\/p>\n<p>Bei Bedarf und soferne Sie einen personalisierten, interaktiven bzw. Mail-Dienst auf unserer Website verwenden, erfassen wir von Ihnen pers\u00f6nliche Informationen. Wir verwenden diese personenbezogenen Daten nur innerhalb unseres Vereins. Diese Daten werden nicht an Dritte weitergegeben, es sei denn, dies ist zur Vertragserf\u00fcllung erforderlich oder wir werden gesetzlich dazu verpflichtet.<\/p>\n<\/td>\n<\/tr>\n<tr>\n<td>\n<p><strong>Dateninfostelle<\/strong><br>Sie haben das Recht zu erfahren, welche personenbezogenen Daten gesammelt wurden. Unsere Dateninfostelle erreichen Sie unter der eMail Adresse&nbsp;<span id=\"cloak17348\"><a href=\"mailto:zunftmeister@hutschla.at\">z<\/a>unftschreiber@maehlbira.at<\/span>&nbsp;Diese E-Mail-Adresse ist gegen Spambots gesch\u00fctzt! JavaScript muss aktiviert werden, damit sie angezeigt werden kann. .<br>Derzeit werden keinerlei personenbezogenen Daten gespeichert.<\/p>\n<\/td>\n<\/tr>\n<\/tbody>\n<\/table>\n<\/div>\n<div id=\"cc-m-13932177096\" class=\"j-module n j-header \">\n<h1 id=\"cc-m-header-13932177096\" class=\"\">Sonstige Angaben<\/h1>\n<\/div>\n<div id=\"cc-m-13932179296\" class=\"j-module n j-text \">\n<table align=\"\">\n<tbody>\n<tr>\n<td>\n<p><strong>Nutzungsbedingungen, Gew\u00e4hrleistung, Haftung<\/strong><br>Die Nutzung dieser Website erfolgt auf eigene Gefahr und auf eigenes Risiko. Wir \u00fcbernehmen keine Gew\u00e4hr f\u00fcr die ver\u00f6ffentlichten Beitr\u00e4ge, Angebote, Dienstleistungen und Services hinsichtlich Richtigkeit, Vollst\u00e4ndigkeit und Funktionalit\u00e4t. Die Gew\u00e4hrleistung richtet sich nach den gesetzlichen Bestimmungen. Jegliche Haftung f\u00fcr Sch\u00e4den, die direkt oder indirekt aus der Benutzung dieser Webseite entstehen, ist ausgeschlossen. Diese Website und die damit verbundenen Dienste werden unter dem Gesichtspunkt gr\u00f6\u00dfter Sorgfalt betrieben. Aus technischen Gr\u00fcnden ist es jedoch nicht m\u00f6glich, dass diese Dienste ohne Unterbrechung zug\u00e4nglich sind, dass die gew\u00fcnschten Verbindungen immer hergestellt werden k\u00f6nnen oder, dass gespeicherte Daten unter allen Gegebenheiten erhalten bleiben. Die st\u00e4ndige Verf\u00fcgbarkeit kann daher nicht zugesichert werden. Konnektivit\u00e4t zu anderen Netzbetreibern erfolgt nach Ma\u00dfgabe der M\u00f6glichkeiten. Jegliche Haftung f\u00fcr Probleme, die ihre Ursache in den Netzen Dritter haben, ist ausgeschlossen. Die Nutzung anderer Netze unterliegt den Nutzungsbedingungen der jeweiligen Betreiber. Unsererseits besteht keine Haftung f\u00fcr h\u00f6here Gewalt, Streiks, Einschr\u00e4nkungen der Leistungen anderer Netzbetreiber sowie Reparatur- und Wartungsarbeiten und den damit verbundenen Einschr\u00e4nkungen oder Unterbrechungen dieses Dienstes.<\/p>\n<\/td>\n<\/tr>\n<tr>\n<td>\n<p><strong>Link Policy<\/strong><br>Bei Verlinkungen auf weitere Online-Angebote \u00fcbernehmen wir keinerlei Haftung \u00fcber Inhalt, Funktionalit\u00e4t und Verf\u00fcgbarkeit der verlinkten Website(n). Dies gilt auch bei allen anderen direkten oder indirekten Verweisen oder Verlinkungen auf fremde Internetangebote. Links auf diese Website sind erw\u00fcnscht, wenn diese als externe Links in einem eigenen Browserfenster gestaltet sind. Eine \u00dcbernahme des Hauptfensters in einen Frame des Linksetzers ist unzul\u00e4ssig. Sollte eine Website, auf die wir verlinkt haben, rechtswidrige Inhalte enthalten, so bitten wir um Mitteilung, der Link wird umgehend entfernt.<\/p>\n<\/td>\n<\/tr>\n<\/tbody>\n<\/table>\n<\/div>\n<\/div>\n<\/div>\n<\/div>\n<\/div>\n<\/div>\t\t\t\t\t\t\t\t<\/div>\n\t\t\t\t<\/div>\n\t\t\t\t\t<\/div>\n\t\t\t\t<\/div>\n\t\t\t\t<\/div>\n\t\t","protected":false},"excerpt":{"rendered":"<p>Daten Rechtform: Verein &nbsp; Vereinsregisternummer: ZVR Nr.: 759275223 &nbsp; Vereinssitz: N\u00fcziders &nbsp; Vereinszweck: Der Verein, dessen T\u00e4tigkeiten nicht auf Gewinn gerichtet ist, bezweckt die Erhaltung und F\u00f6rderung von alten Volksbr\u00e4uchen, insbesondere von alten Fasnatbrauchtum (Maskenl\u00e4ufen). &nbsp; Vereinsstatuten: Unsere Vereinsstatuten finden sie auf unserer Homepage im Mitgliederbereich. (www.maehlbira.at). &nbsp; Vertretungesbefugtes Organ: Vereinsobmannteam: Schalegg Thomas, Markus L\u00e4ngle, [&hellip;]<\/p>\n","protected":false},"author":1,"featured_media":0,"parent":0,"menu_order":0,"comment_status":"closed","ping_status":"closed","template":"","meta":{"ocean_post_layout":"","ocean_both_sidebars_style":"","ocean_both_sidebars_content_width":0,"ocean_both_sidebars_sidebars_width":0,"ocean_sidebar":"","ocean_second_sidebar":"","ocean_disable_margins":"enable","ocean_add_body_class":"","ocean_shortcode_before_top_bar":"","ocean_shortcode_after_top_bar":"","ocean_shortcode_before_header":"","ocean_shortcode_after_header":"","ocean_has_shortcode":"","ocean_shortcode_after_title":"","ocean_shortcode_before_footer_widgets":"","ocean_shortcode_after_footer_widgets":"","ocean_shortcode_before_footer_bottom":"","ocean_shortcode_after_footer_bottom":"","ocean_display_top_bar":"default","ocean_display_header":"default","ocean_header_style":"","ocean_center_header_left_menu":"","ocean_custom_header_template":"","ocean_custom_logo":0,"ocean_custom_retina_logo":0,"ocean_custom_logo_max_width":0,"ocean_custom_logo_tablet_max_width":0,"ocean_custom_logo_mobile_max_width":0,"ocean_custom_logo_max_height":0,"ocean_custom_logo_tablet_max_height":0,"ocean_custom_logo_mobile_max_height":0,"ocean_header_custom_menu":"","ocean_menu_typo_font_family":"","ocean_menu_typo_font_subset":"","ocean_menu_typo_font_size":0,"ocean_menu_typo_font_size_tablet":0,"ocean_menu_typo_font_size_mobile":0,"ocean_menu_typo_font_size_unit":"px","ocean_menu_typo_font_weight":"","ocean_menu_typo_font_weight_tablet":"","ocean_menu_typo_font_weight_mobile":"","ocean_menu_typo_transform":"","ocean_menu_typo_transform_tablet":"","ocean_menu_typo_transform_mobile":"","ocean_menu_typo_line_height":0,"ocean_menu_typo_line_height_tablet":0,"ocean_menu_typo_line_height_mobile":0,"ocean_menu_typo_line_height_unit":"","ocean_menu_typo_spacing":0,"ocean_menu_typo_spacing_tablet":0,"ocean_menu_typo_spacing_mobile":0,"ocean_menu_typo_spacing_unit":"","ocean_menu_link_color":"","ocean_menu_link_color_hover":"","ocean_menu_link_color_active":"","ocean_menu_link_background":"","ocean_menu_link_hover_background":"","ocean_menu_link_active_background":"","ocean_menu_social_links_bg":"","ocean_menu_social_hover_links_bg":"","ocean_menu_social_links_color":"","ocean_menu_social_hover_links_color":"","ocean_disable_title":"default","ocean_disable_heading":"default","ocean_post_title":"","ocean_post_subheading":"","ocean_post_title_style":"","ocean_post_title_background_color":"","ocean_post_title_background":0,"ocean_post_title_bg_image_position":"","ocean_post_title_bg_image_attachment":"","ocean_post_title_bg_image_repeat":"","ocean_post_title_bg_image_size":"","ocean_post_title_height":0,"ocean_post_title_bg_overlay":0.5,"ocean_post_title_bg_overlay_color":"","ocean_disable_breadcrumbs":"default","ocean_breadcrumbs_color":"","ocean_breadcrumbs_separator_color":"","ocean_breadcrumbs_links_color":"","ocean_breadcrumbs_links_hover_color":"","ocean_display_footer_widgets":"default","ocean_display_footer_bottom":"default","ocean_custom_footer_template":"","footnotes":""},"class_list":["post-424","page","type-page","status-publish","hentry","entry"],"_links":{"self":[{"href":"https:\/\/www.maehlbira.at\/home\/wp-json\/wp\/v2\/pages\/424","targetHints":{"allow":["GET"]}}],"collection":[{"href":"https:\/\/www.maehlbira.at\/home\/wp-json\/wp\/v2\/pages"}],"about":[{"href":"https:\/\/www.maehlbira.at\/home\/wp-json\/wp\/v2\/types\/page"}],"author":[{"embeddable":true,"href":"https:\/\/www.maehlbira.at\/home\/wp-json\/wp\/v2\/users\/1"}],"replies":[{"embeddable":true,"href":"https:\/\/www.maehlbira.at\/home\/wp-json\/wp\/v2\/comments?post=424"}],"version-history":[{"count":4,"href":"https:\/\/www.maehlbira.at\/home\/wp-json\/wp\/v2\/pages\/424\/revisions"}],"predecessor-version":[{"id":428,"href":"https:\/\/www.maehlbira.at\/home\/wp-json\/wp\/v2\/pages\/424\/revisions\/428"}],"wp:attachment":[{"href":"https:\/\/www.maehlbira.at\/home\/wp-json\/wp\/v2\/media?parent=424"}],"curies":[{"name":"wp","href":"https:\/\/api.w.org\/{rel}","templated":true}]}}