{"id":296,"date":"2023-10-24T14:16:26","date_gmt":"2023-10-24T12:16:26","guid":{"rendered":"https:\/\/www.maehlbira.at\/home\/?page_id=296"},"modified":"2023-10-24T14:21:55","modified_gmt":"2023-10-24T12:21:55","slug":"links","status":"publish","type":"page","link":"https:\/\/www.maehlbira.at\/home\/links\/","title":{"rendered":"Links"},"content":{"rendered":"\t\t<div data-elementor-type=\"wp-page\" data-elementor-id=\"296\" class=\"elementor elementor-296\">\n\t\t\t\t<div class=\"elementor-element elementor-element-2563250 e-flex e-con-boxed e-con e-parent\" data-id=\"2563250\" data-element_type=\"container\" data-e-type=\"container\">\n\t\t\t\t\t<div class=\"e-con-inner\">\n\t\t\t\t<div class=\"elementor-element elementor-element-3ff806b elementor-widget elementor-widget-heading\" data-id=\"3ff806b\" data-element_type=\"widget\" data-e-type=\"widget\" data-widget_type=\"heading.default\">\n\t\t\t\t<div class=\"elementor-widget-container\">\n\t\t\t\t\t<h6 class=\"elementor-heading-title elementor-size-xxl\">Links<\/h6>\t\t\t\t<\/div>\n\t\t\t\t<\/div>\n\t\t\t\t\t<\/div>\n\t\t\t\t<\/div>\n\t\t<div class=\"elementor-element elementor-element-c415ab5 e-flex e-con-boxed e-con e-parent\" data-id=\"c415ab5\" data-element_type=\"container\" data-e-type=\"container\">\n\t\t\t\t\t<div class=\"e-con-inner\">\n\t\t\t\t<div class=\"elementor-element elementor-element-f0a0f20 elementor-widget-divider--view-line elementor-widget elementor-widget-divider\" data-id=\"f0a0f20\" data-element_type=\"widget\" data-e-type=\"widget\" data-widget_type=\"divider.default\">\n\t\t\t\t<div class=\"elementor-widget-container\">\n\t\t\t\t\t\t\t<div class=\"elementor-divider\">\n\t\t\t<span class=\"elementor-divider-separator\">\n\t\t\t\t\t\t<\/span>\n\t\t<\/div>\n\t\t\t\t\t\t<\/div>\n\t\t\t\t<\/div>\n\t\t\t\t\t<\/div>\n\t\t\t\t<\/div>\n\t\t<div class=\"elementor-element elementor-element-ba500d8 e-flex e-con-boxed e-con e-parent\" data-id=\"ba500d8\" data-element_type=\"container\" data-e-type=\"container\">\n\t\t\t\t\t<div class=\"e-con-inner\">\n\t\t\t\t<div class=\"elementor-element elementor-element-f391ea2 elementor-shape-rounded elementor-grid-0 e-grid-align-center elementor-widget elementor-widget-social-icons\" data-id=\"f391ea2\" data-element_type=\"widget\" data-e-type=\"widget\" data-widget_type=\"social-icons.default\">\n\t\t\t\t<div class=\"elementor-widget-container\">\n\t\t\t\t\t\t\t<div class=\"elementor-social-icons-wrapper elementor-grid\">\n\t\t\t\t\t\t\t<span class=\"elementor-grid-item\">\n\t\t\t\t\t<a class=\"elementor-icon elementor-social-icon elementor-social-icon-facebook elementor-repeater-item-2ce3a2c\" href=\"https:\/\/www.facebook.com\/profile.php?id=100089206947823\" target=\"_blank\">\n\t\t\t\t\t\t<span class=\"elementor-screen-only\">Facebook<\/span>\n\t\t\t\t\t\t<i aria-hidden=\"true\" class=\"fab fa-facebook\"><\/i>\t\t\t\t\t<\/a>\n\t\t\t\t<\/span>\n\t\t\t\t\t<\/div>\n\t\t\t\t\t\t<\/div>\n\t\t\t\t<\/div>\n\t\t\t\t\t<\/div>\n\t\t\t\t<\/div>\n\t\t<div class=\"elementor-element elementor-element-c87efe0 e-flex e-con-boxed e-con e-parent\" data-id=\"c87efe0\" data-element_type=\"container\" data-e-type=\"container\">\n\t\t\t\t\t<div class=\"e-con-inner\">\n\t\t\t\t<div class=\"elementor-element elementor-element-878b188 elementor-widget-divider--view-line elementor-widget elementor-widget-divider\" data-id=\"878b188\" data-element_type=\"widget\" data-e-type=\"widget\" data-widget_type=\"divider.default\">\n\t\t\t\t<div class=\"elementor-widget-container\">\n\t\t\t\t\t\t\t<div class=\"elementor-divider\">\n\t\t\t<span class=\"elementor-divider-separator\">\n\t\t\t\t\t\t<\/span>\n\t\t<\/div>\n\t\t\t\t\t\t<\/div>\n\t\t\t\t<\/div>\n\t\t\t\t\t<\/div>\n\t\t\t\t<\/div>\n\t\t<div class=\"elementor-element elementor-element-faa477e e-flex e-con-boxed e-con e-parent\" data-id=\"faa477e\" data-element_type=\"container\" data-e-type=\"container\">\n\t\t\t\t\t<div class=\"e-con-inner\">\n\t\t\t\t<div class=\"elementor-element elementor-element-09e75b2 elementor-widget elementor-widget-heading\" data-id=\"09e75b2\" data-element_type=\"widget\" data-e-type=\"widget\" data-widget_type=\"heading.default\">\n\t\t\t\t<div class=\"elementor-widget-container\">\n\t\t\t\t\t<h6 class=\"elementor-heading-title elementor-size-xl\">Interessante Pages<\/h6>\t\t\t\t<\/div>\n\t\t\t\t<\/div>\n\t\t\t\t\t<\/div>\n\t\t\t\t<\/div>\n\t\t<div class=\"elementor-element elementor-element-50aa68e e-flex e-con-boxed e-con e-parent\" data-id=\"50aa68e\" data-element_type=\"container\" data-e-type=\"container\">\n\t\t\t\t\t<div class=\"e-con-inner\">\n\t\t\t\t<div class=\"elementor-element elementor-element-086ef78 elementor-widget-divider--view-line elementor-widget elementor-widget-divider\" data-id=\"086ef78\" data-element_type=\"widget\" data-e-type=\"widget\" data-widget_type=\"divider.default\">\n\t\t\t\t<div class=\"elementor-widget-container\">\n\t\t\t\t\t\t\t<div class=\"elementor-divider\">\n\t\t\t<span class=\"elementor-divider-separator\">\n\t\t\t\t\t\t<\/span>\n\t\t<\/div>\n\t\t\t\t\t\t<\/div>\n\t\t\t\t<\/div>\n\t\t\t\t\t<\/div>\n\t\t\t\t<\/div>\n\t\t<div class=\"elementor-element elementor-element-d69cb28 e-flex e-con-boxed e-con e-parent\" data-id=\"d69cb28\" data-element_type=\"container\" data-e-type=\"container\">\n\t\t\t\t\t<div class=\"e-con-inner\">\n\t\t\t\t<div class=\"elementor-element elementor-element-dfbeecf elementor-widget elementor-widget-text-editor\" data-id=\"dfbeecf\" data-element_type=\"widget\" data-e-type=\"widget\" data-widget_type=\"text-editor.default\">\n\t\t\t\t<div class=\"elementor-widget-container\">\n\t\t\t\t\t\t\t\t\t<table style=\"width: 571px; height: 786px;\" border=\"0\" align=\"\"><tbody><tr><td style=\"width: 565.274px;\"><strong>N\u00fcziger Pages:<\/strong><\/td><\/tr><tr><td style=\"width: 565.274px;\"><a href=\"http:\/\/www.nueziders.at\" target=\"_blank\" rel=\"noopener\">Gemeinde N\u00fcziders<\/a><\/td><\/tr><tr><td style=\"width: 565.274px;\"><a href=\"http:\/\/www.feuerwehr-nueziders.at\" target=\"_blank\" rel=\"noopener\">Feuerwehr N\u00fcziders<\/a><\/td><\/tr><tr><td style=\"width: 565.274px;\"><a href=\"http:\/\/www.oldtimerclub-nueziders.com\" target=\"_blank\" rel=\"noopener\">Traktoren Oldtimer Club<\/a><\/td><\/tr><tr><td style=\"width: 565.274px;\"><a href=\"http:\/\/www.fc-nueziders.at\/\" target=\"_blank\" rel=\"noopener\">FC N\u00fcziders<\/a><\/td><\/tr><tr><td style=\"width: 565.274px;\"><a href=\"http:\/\/www.bwvideo.at\" target=\"_blank\" rel=\"noopener\">BW Videos &#8211; Willi Burtscher<\/a><\/td><\/tr><tr><td style=\"width: 565.274px;\">\u00a0<\/td><\/tr><tr><td style=\"width: 565.274px;\"><strong>Musiken:<\/strong><\/td><\/tr><tr><td style=\"width: 565.274px;\"><a href=\"http:\/\/www.musik-nueziders.at\" target=\"_blank\" rel=\"noopener\">Sonnenberger Harmoniemusik N\u00fcziders<\/a><\/td><\/tr><tr><td style=\"width: 565.274px;\"><a href=\"http:\/\/www.bodasurri.at\" target=\"_blank\" rel=\"noopener\">Guggamusik Walgauer Bodasurri<\/a><\/td><\/tr><tr><td style=\"width: 565.274px;\"><a href=\"http:\/\/www.naerrisches-kleeblatt.com\" target=\"_blank\" rel=\"noopener\">Schalmaienzug Rankweil<\/a><\/td><\/tr><tr><td style=\"text-align: left; width: 565.274px;\"><a href=\"http:\/\/www.spaeltaschraenzer.at\" target=\"_blank\" rel=\"noopener\">Guggamusik Sp\u00e4ltaschr\u00e4nzer Feldkirch<\/a><\/td><\/tr><tr><td style=\"width: 565.274px;\">\u00a0<\/td><\/tr><tr><td style=\"width: 565.274px;\"><strong>Z\u00fcnfte:<\/strong><\/td><\/tr><tr><td style=\"width: 565.274px;\"><a href=\"http:\/\/www.vvf.at\" target=\"_blank\" rel=\"noopener\">Verband Vorarlberger Fasnatz\u00fcnfte<\/a><\/td><\/tr><tr><td style=\"width: 565.274px;\"><a href=\"http:\/\/www.hutschla.at\" target=\"_blank\" rel=\"noopener\">Rungeliner Funkenzunft<\/a><\/td><\/tr><tr><td style=\"width: 565.274px;\"><a href=\"http:\/\/www.kriasistinker.at\" target=\"_blank\" rel=\"noopener\">Faschingsgilde Kriasistinker Th\u00fcringen<\/a><\/td><\/tr><tr><td style=\"width: 565.274px;\"><a href=\"http:\/\/www.fz-bsr.com\" target=\"_blank\" rel=\"noopener\">Funkenzunft Bings-Stallehr-Radin<\/a>\u00a0<\/td><\/tr><tr><td style=\"width: 565.274px;\"><a href=\"http:\/\/www.funkenzunft.com\" target=\"_blank\" rel=\"noopener\">Funkenzunft Bludenz<\/a><\/td><\/tr><\/tbody><\/table>\t\t\t\t\t\t\t\t<\/div>\n\t\t\t\t<\/div>\n\t\t\t\t\t<\/div>\n\t\t\t\t<\/div>\n\t\t\t\t<\/div>\n\t\t","protected":false},"excerpt":{"rendered":"<p>Links Facebook Interessante Pages N\u00fcziger Pages: Gemeinde N\u00fcziders Feuerwehr N\u00fcziders Traktoren Oldtimer Club FC N\u00fcziders BW Videos &#8211; Willi Burtscher \u00a0 Musiken: Sonnenberger Harmoniemusik N\u00fcziders Guggamusik Walgauer Bodasurri Schalmaienzug Rankweil Guggamusik Sp\u00e4ltaschr\u00e4nzer Feldkirch \u00a0 Z\u00fcnfte: Verband Vorarlberger Fasnatz\u00fcnfte Rungeliner Funkenzunft Faschingsgilde Kriasistinker Th\u00fcringen Funkenzunft Bings-Stallehr-Radin\u00a0 Funkenzunft Bludenz<\/p>\n","protected":false},"author":1,"featured_media":0,"parent":0,"menu_order":0,"comment_status":"closed","ping_status":"closed","template":"","meta":{"ocean_post_layout":"full-screen","ocean_both_sidebars_style":"","ocean_both_sidebars_content_width":0,"ocean_both_sidebars_sidebars_width":0,"ocean_sidebar":"","ocean_second_sidebar":"","ocean_disable_margins":"enable","ocean_add_body_class":"","ocean_shortcode_before_top_bar":"","ocean_shortcode_after_top_bar":"","ocean_shortcode_before_header":"","ocean_shortcode_after_header":"","ocean_has_shortcode":"","ocean_shortcode_after_title":"","ocean_shortcode_before_footer_widgets":"","ocean_shortcode_after_footer_widgets":"","ocean_shortcode_before_footer_bottom":"","ocean_shortcode_after_footer_bottom":"","ocean_display_top_bar":"off","ocean_display_header":"default","ocean_header_style":"","ocean_center_header_left_menu":"","ocean_custom_header_template":"","ocean_custom_logo":0,"ocean_custom_retina_logo":0,"ocean_custom_logo_max_width":0,"ocean_custom_logo_tablet_max_width":0,"ocean_custom_logo_mobile_max_width":0,"ocean_custom_logo_max_height":0,"ocean_custom_logo_tablet_max_height":0,"ocean_custom_logo_mobile_max_height":0,"ocean_header_custom_menu":"","ocean_menu_typo_font_family":"","ocean_menu_typo_font_subset":"","ocean_menu_typo_font_size":0,"ocean_menu_typo_font_size_tablet":0,"ocean_menu_typo_font_size_mobile":0,"ocean_menu_typo_font_size_unit":"px","ocean_menu_typo_font_weight":"","ocean_menu_typo_font_weight_tablet":"","ocean_menu_typo_font_weight_mobile":"","ocean_menu_typo_transform":"","ocean_menu_typo_transform_tablet":"","ocean_menu_typo_transform_mobile":"","ocean_menu_typo_line_height":0,"ocean_menu_typo_line_height_tablet":0,"ocean_menu_typo_line_height_mobile":0,"ocean_menu_typo_line_height_unit":"","ocean_menu_typo_spacing":0,"ocean_menu_typo_spacing_tablet":0,"ocean_menu_typo_spacing_mobile":0,"ocean_menu_typo_spacing_unit":"","ocean_menu_link_color":"","ocean_menu_link_color_hover":"","ocean_menu_link_color_active":"","ocean_menu_link_background":"","ocean_menu_link_hover_background":"","ocean_menu_link_active_background":"","ocean_menu_social_links_bg":"","ocean_menu_social_hover_links_bg":"","ocean_menu_social_links_color":"","ocean_menu_social_hover_links_color":"","ocean_disable_title":"on","ocean_disable_heading":"default","ocean_post_title":"","ocean_post_subheading":"","ocean_post_title_style":"","ocean_post_title_background_color":"","ocean_post_title_background":0,"ocean_post_title_bg_image_position":"","ocean_post_title_bg_image_attachment":"","ocean_post_title_bg_image_repeat":"","ocean_post_title_bg_image_size":"","ocean_post_title_height":0,"ocean_post_title_bg_overlay":0.5,"ocean_post_title_bg_overlay_color":"","ocean_disable_breadcrumbs":"default","ocean_breadcrumbs_color":"","ocean_breadcrumbs_separator_color":"","ocean_breadcrumbs_links_color":"","ocean_breadcrumbs_links_hover_color":"","ocean_display_footer_widgets":"off","ocean_display_footer_bottom":"off","ocean_custom_footer_template":"","footnotes":""},"class_list":["post-296","page","type-page","status-publish","hentry","entry"],"_links":{"self":[{"href":"https:\/\/www.maehlbira.at\/home\/wp-json\/wp\/v2\/pages\/296","targetHints":{"allow":["GET"]}}],"collection":[{"href":"https:\/\/www.maehlbira.at\/home\/wp-json\/wp\/v2\/pages"}],"about":[{"href":"https:\/\/www.maehlbira.at\/home\/wp-json\/wp\/v2\/types\/page"}],"author":[{"embeddable":true,"href":"https:\/\/www.maehlbira.at\/home\/wp-json\/wp\/v2\/users\/1"}],"replies":[{"embeddable":true,"href":"https:\/\/www.maehlbira.at\/home\/wp-json\/wp\/v2\/comments?post=296"}],"version-history":[{"count":4,"href":"https:\/\/www.maehlbira.at\/home\/wp-json\/wp\/v2\/pages\/296\/revisions"}],"predecessor-version":[{"id":432,"href":"https:\/\/www.maehlbira.at\/home\/wp-json\/wp\/v2\/pages\/296\/revisions\/432"}],"wp:attachment":[{"href":"https:\/\/www.maehlbira.at\/home\/wp-json\/wp\/v2\/media?parent=296"}],"curies":[{"name":"wp","href":"https:\/\/api.w.org\/{rel}","templated":true}]}}