{"id":287,"date":"2023-10-23T08:42:42","date_gmt":"2023-10-23T06:42:42","guid":{"rendered":"https:\/\/www.maehlbira.at\/home\/?page_id=287"},"modified":"2023-11-30T10:05:29","modified_gmt":"2023-11-30T09:05:29","slug":"warum-der-name-maehlbira","status":"publish","type":"page","link":"https:\/\/www.maehlbira.at\/home\/warum-der-name-maehlbira\/","title":{"rendered":"Warum der Name M\u00e4hlbira ?"},"content":{"rendered":"\t\t<div data-elementor-type=\"wp-page\" data-elementor-id=\"287\" class=\"elementor elementor-287\">\n\t\t\t\t\t\t<section class=\"elementor-section elementor-top-section elementor-element elementor-element-d2d5dc0 elementor-section-height-min-height elementor-section-boxed elementor-section-height-default elementor-section-items-middle\" data-id=\"d2d5dc0\" data-element_type=\"section\" data-e-type=\"section\">\n\t\t\t\t\t\t<div class=\"elementor-container elementor-column-gap-default\">\n\t\t\t\t\t<div class=\"elementor-column elementor-col-100 elementor-top-column elementor-element elementor-element-ff128c5\" data-id=\"ff128c5\" data-element_type=\"column\" data-e-type=\"column\">\n\t\t\t<div class=\"elementor-widget-wrap elementor-element-populated\">\n\t\t\t\t\t\t<div class=\"elementor-element elementor-element-4900b7f elementor-widget__width-initial elementor-widget elementor-widget-image\" data-id=\"4900b7f\" data-element_type=\"widget\" data-e-type=\"widget\" data-widget_type=\"image.default\">\n\t\t\t\t<div class=\"elementor-widget-container\">\n\t\t\t\t\t\t\t\t\t\t\t\t<figure class=\"wp-caption\">\n\t\t\t\t\t\t\t\t\t\t<img decoding=\"async\" src=\"https:\/\/www.maehlbira.at\/wp-content\/uploads\/2023\/10\/Logo.jpg\" title=\"\" alt=\"\" loading=\"lazy\" \/>\t\t\t\t\t\t\t\t\t\t\t<figcaption class=\"widget-image-caption wp-caption-text\"><\/figcaption>\n\t\t\t\t\t\t\t\t\t\t<\/figure>\n\t\t\t\t\t\t\t\t\t<\/div>\n\t\t\t\t<\/div>\n\t\t\t\t<div class=\"elementor-element elementor-element-6073d2d elementor-widget__width-initial elementor-widget elementor-widget-text-editor\" data-id=\"6073d2d\" data-element_type=\"widget\" data-e-type=\"widget\" data-widget_type=\"text-editor.default\">\n\t\t\t\t<div class=\"elementor-widget-container\">\n\t\t\t\t\t\t\t\t\t<p style=\"margin-bottom: 0px; color: #222222; font-family: 'Noto Sans', sans-serif, google; font-size: 23.75px; font-style: normal; font-variant-ligatures: normal; font-variant-caps: normal; font-weight: 300; letter-spacing: -0.38px;\"><span style=\"color: #000000; font-size: 18px;\">Die N\u00fcziger werden im Ortsnamen die \u201eM\u00e4hlbiren&#8220; genannt, weil N\u00fcziders fr\u00fcher einen riesigen Bestand an eben diesen \u201eM\u00e4hlbira&#8220;-Obstb\u00e4umen hatte.<\/span><\/p><p style=\"margin-bottom: 0px; color: #222222; font-family: 'Noto Sans', sans-serif, google; font-size: 23.75px; font-style: normal; font-variant-ligatures: normal; font-variant-caps: normal; font-weight: 300; letter-spacing: -0.38px;\"><span style=\"color: #000000; font-size: 18px;\">\u00a0<\/span><\/p><p style=\"margin-bottom: 0px; color: #222222; font-family: 'Noto Sans', sans-serif, google; font-size: 23.75px; font-style: normal; font-variant-ligatures: normal; font-variant-caps: normal; font-weight: 300; letter-spacing: -0.38px;\"><span style=\"color: #000000; font-size: 18px;\">M\u00e4hlbira im Wappen.<\/span><\/p>\t\t\t\t\t\t\t\t<\/div>\n\t\t\t\t<\/div>\n\t\t\t\t\t<\/div>\n\t\t<\/div>\n\t\t\t\t\t<\/div>\n\t\t<\/section>\n\t\t\t\t<section class=\"elementor-section elementor-top-section elementor-element elementor-element-d0c7b8e elementor-section-boxed elementor-section-height-default elementor-section-height-default\" data-id=\"d0c7b8e\" data-element_type=\"section\" data-e-type=\"section\">\n\t\t\t\t\t\t<div class=\"elementor-container elementor-column-gap-default\">\n\t\t\t\t\t<div class=\"elementor-column elementor-col-100 elementor-top-column elementor-element elementor-element-0c2998c\" data-id=\"0c2998c\" data-element_type=\"column\" data-e-type=\"column\">\n\t\t\t<div class=\"elementor-widget-wrap elementor-element-populated\">\n\t\t\t\t\t\t<div class=\"elementor-element elementor-element-300110e elementor-widget__width-initial elementor-widget elementor-widget-image\" data-id=\"300110e\" data-element_type=\"widget\" data-e-type=\"widget\" data-widget_type=\"image.default\">\n\t\t\t\t<div class=\"elementor-widget-container\">\n\t\t\t\t\t\t\t\t\t\t\t\t<figure class=\"wp-caption\">\n\t\t\t\t\t\t\t\t\t\t\t<a href=\"https:\/\/www.nueziders.at\/home.html\">\n\t\t\t\t\t\t\t<img decoding=\"async\" width=\"140\" height=\"179\" src=\"https:\/\/www.maehlbira.at\/wp-content\/uploads\/2023\/10\/Logo_Gemeinde.jpg\" class=\"attachment-medium size-medium wp-image-323\" alt=\"\" \/>\t\t\t\t\t\t\t\t<\/a>\n\t\t\t\t\t\t\t\t\t\t\t<figcaption class=\"widget-image-caption wp-caption-text\">Gemeinde  N\u00fcziders<\/figcaption>\n\t\t\t\t\t\t\t\t\t\t<\/figure>\n\t\t\t\t\t\t\t\t\t<\/div>\n\t\t\t\t<\/div>\n\t\t\t\t<div class=\"elementor-element elementor-element-a43921f elementor-widget elementor-widget-spacer\" data-id=\"a43921f\" data-element_type=\"widget\" data-e-type=\"widget\" data-widget_type=\"spacer.default\">\n\t\t\t\t<div class=\"elementor-widget-container\">\n\t\t\t\t\t\t\t<div class=\"elementor-spacer\">\n\t\t\t<div class=\"elementor-spacer-inner\"><\/div>\n\t\t<\/div>\n\t\t\t\t\t\t<\/div>\n\t\t\t\t<\/div>\n\t\t\t\t\t<\/div>\n\t\t<\/div>\n\t\t\t\t\t<\/div>\n\t\t<\/section>\n\t\t\t\t<section class=\"elementor-section elementor-top-section elementor-element elementor-element-58c79b5 elementor-section-boxed elementor-section-height-default elementor-section-height-default\" data-id=\"58c79b5\" data-element_type=\"section\" data-e-type=\"section\">\n\t\t\t\t\t\t<div class=\"elementor-container elementor-column-gap-default\">\n\t\t\t\t\t<div class=\"elementor-column elementor-col-100 elementor-top-column elementor-element elementor-element-3fab900\" data-id=\"3fab900\" data-element_type=\"column\" data-e-type=\"column\">\n\t\t\t<div class=\"elementor-widget-wrap elementor-element-populated\">\n\t\t\t\t\t\t<div class=\"elementor-element elementor-element-84b4221 elementor-widget elementor-widget-text-editor\" data-id=\"84b4221\" data-element_type=\"widget\" data-e-type=\"widget\" data-widget_type=\"text-editor.default\">\n\t\t\t\t<div class=\"elementor-widget-container\">\n\t\t\t\t\t\t\t\t\t<p style=\"margin-bottom: 0px; color: rgb(34, 34, 34); font-family: &quot;Noto Sans&quot;, sans-serif, google; font-size: 23.75px; font-style: normal; font-variant-ligatures: normal; font-variant-caps: normal; font-weight: 300; letter-spacing: -0.38px;\"><span data-mce-style=\"color: #000000; font-size: 18px;\" style=\"color: rgb(0, 0, 0); font-size: 18px;\"><span style=\"font-weight: 700 !important;\">&#8222;M\u00e4hlbira&#8220; aus N\u00fcziders<\/span><\/span><\/p><p style=\"margin-bottom: 0px; color: rgb(34, 34, 34); font-family: &quot;Noto Sans&quot;, sans-serif, google; font-size: 23.75px; font-style: normal; font-variant-ligatures: normal; font-variant-caps: normal; font-weight: 300; letter-spacing: -0.38px;\"><span data-mce-style=\"color: #000000; font-size: 18px;\" style=\"color: rgb(0, 0, 0); font-size: 18px;\">&nbsp;<\/span><\/p><p style=\"margin-bottom: 0px; color: rgb(34, 34, 34); font-family: &quot;Noto Sans&quot;, sans-serif, google; font-size: 23.75px; font-style: normal; font-variant-ligatures: normal; font-variant-caps: normal; font-weight: 300; letter-spacing: -0.38px;\"><span data-mce-style=\"color: #000000; font-size: 18px;\" style=\"color: rgb(0, 0, 0); font-size: 18px;\">Mit dem uralten Namen N\u00fcziders hat der \u00dcbername der N\u00fcziger offensichtlich nichts zu tun, der bedeute n\u00e4mlich so viel wie &#8222;Nu\u00dfdorf&#8220;. So hat es seinerzeit der Emser Franz H\u00e4fele erkl\u00e4rt, und er f\u00e4hrt weiter: &#8222;Noch heute gedeihen dort an den von s\u00fcdlichem Hauche gesegneten H\u00e4ngen zahlreiche Nu\u00dfb\u00e4ume&#8220;. Davon ist heute nicht mehr viel zu bemerken.<\/span><\/p><p style=\"margin-bottom: 0px; color: rgb(34, 34, 34); font-family: &quot;Noto Sans&quot;, sans-serif, google; font-size: 23.75px; font-style: normal; font-variant-ligatures: normal; font-variant-caps: normal; font-weight: 300; letter-spacing: -0.38px;\"><span data-mce-style=\"color: #000000; font-size: 18px;\" style=\"color: rgb(0, 0, 0); font-size: 18px;\">&nbsp;<\/span><\/p><p style=\"margin-bottom: 0px; color: rgb(34, 34, 34); font-family: &quot;Noto Sans&quot;, sans-serif, google; font-size: 23.75px; font-style: normal; font-variant-ligatures: normal; font-variant-caps: normal; font-weight: 300; letter-spacing: -0.38px;\"><span data-mce-style=\"color: #000000; font-size: 18px;\" style=\"color: rgb(0, 0, 0); font-size: 18px;\">Es geht beim \u00dcbernamen aber auch nicht um diese ehemaligen Nussb\u00e4ume, sondern um andere B\u00e4ume die es hier auch einmal gegeben hat; um jene mit den sogenannten &#8222;Mehlbirnen&#8220;, und wir haben es beim N\u00fcziger \u00dcbernamen mit einem jener Sorte zu tun, von dem sich das Alter ziemlich genau bestimmen l\u00e4sst.<\/span><\/p><p style=\"margin-bottom: 0px; color: rgb(34, 34, 34); font-family: &quot;Noto Sans&quot;, sans-serif, google; font-size: 23.75px; font-style: normal; font-variant-ligatures: normal; font-variant-caps: normal; font-weight: 300; letter-spacing: -0.38px;\"><span data-mce-style=\"color: #000000; font-size: 18px;\" style=\"color: rgb(0, 0, 0); font-size: 18px;\">&nbsp;<\/span><\/p><p style=\"margin-bottom: 0px; color: rgb(34, 34, 34); font-family: &quot;Noto Sans&quot;, sans-serif, google; font-size: 23.75px; font-style: normal; font-variant-ligatures: normal; font-variant-caps: normal; font-weight: 300; letter-spacing: -0.38px;\"><span data-mce-style=\"color: #000000; font-size: 18px;\" style=\"color: rgb(0, 0, 0); font-size: 18px;\">Es war um die Mitte des 19. Jahrhunderts, als auch hier wie andernorts in alten Weinbaugebieten unseres Landes merkliche Einbu\u00dfen zu verzeichnen waren. Doch kein Nachteil ohne Vorteil!<\/span><\/p><p style=\"margin-bottom: 0px; color: rgb(34, 34, 34); font-family: &quot;Noto Sans&quot;, sans-serif, google; font-size: 23.75px; font-style: normal; font-variant-ligatures: normal; font-variant-caps: normal; font-weight: 300; letter-spacing: -0.38px;\"><span data-mce-style=\"color: #000000; font-size: 18px;\" style=\"color: rgb(0, 0, 0); font-size: 18px;\">&nbsp;<\/span><\/p><p style=\"margin-bottom: 0px; color: rgb(34, 34, 34); font-family: &quot;Noto Sans&quot;, sans-serif, google; font-size: 23.75px; font-style: normal; font-variant-ligatures: normal; font-variant-caps: normal; font-weight: 300; letter-spacing: -0.38px;\"><span data-mce-style=\"color: #000000; font-size: 18px;\" style=\"color: rgb(0, 0, 0); font-size: 18px;\">Die verschwindenden Rebkulturen machten den Obstg\u00e4rten Platz. Nicht dass es vorher kein Obst gegeben h\u00e4tte, da es sich dabei aber um kein besonders haltbares handelte, wurde vor allem flei\u00dfig ged\u00f6rrt. Damit hatte man dann nicht nur das Jahr \u00fcber D\u00f6rrobst, sondern konnte sogar noch Jahre mit geringerer Ernte \u00fcberbr\u00fccken.<\/span><\/p><p style=\"margin-bottom: 0px; color: rgb(34, 34, 34); font-family: &quot;Noto Sans&quot;, sans-serif, google; font-size: 23.75px; font-style: normal; font-variant-ligatures: normal; font-variant-caps: normal; font-weight: 300; letter-spacing: -0.38px;\"><span data-mce-style=\"color: #000000; font-size: 18px;\" style=\"color: rgb(0, 0, 0); font-size: 18px;\">&nbsp;<\/span><\/p><p style=\"margin-bottom: 0px; color: rgb(34, 34, 34); font-family: &quot;Noto Sans&quot;, sans-serif, google; font-size: 23.75px; font-style: normal; font-variant-ligatures: normal; font-variant-caps: normal; font-weight: 300; letter-spacing: -0.38px;\"><span data-mce-style=\"color: #000000; font-size: 18px;\" style=\"color: rgb(0, 0, 0); font-size: 18px;\">Was wurde da nicht alles angepflanzt: Hansabira, G\u00e4rtlabira, Kaiserbira, Gelbl\u00e4nga und eben M\u00e4hlbira. So richtig schmackhaft waren diese zwar nicht, aber da gab es ja noch eine ganz besondere M\u00f6glichkeit, sie zu verwerten: Most! Auch die heimischen Weine, die qualit\u00e4tsm\u00e4\u00dfig mehr und mehr nachgelassen hatten, waren Anlass gewesen, sich nach anderen wohlschmeckenden Fl\u00fcssigkeiten umzusehen. Solange der Walgau ein Weinbaugebiet war, war die Mosterzeugung gesetzlich verboten gewesen, um alle F\u00e4lschungen des Weines zu verhindern. Nun wurden vor allem B\u00e4ume mit Mostbirnen gepflanzt, aus denen sich vorz\u00fcglicher G\u00e4rmost erzeugen lie\u00df.<\/span><\/p><p style=\"margin-bottom: 0px; color: rgb(34, 34, 34); font-family: &quot;Noto Sans&quot;, sans-serif, google; font-size: 23.75px; font-style: normal; font-variant-ligatures: normal; font-variant-caps: normal; font-weight: 300; letter-spacing: -0.38px;\"><span data-mce-style=\"color: #000000; font-size: 18px;\" style=\"color: rgb(0, 0, 0); font-size: 18px;\">&nbsp;<\/span><\/p><p style=\"margin-bottom: 0px; color: rgb(34, 34, 34); font-family: &quot;Noto Sans&quot;, sans-serif, google; font-size: 23.75px; font-style: normal; font-variant-ligatures: normal; font-variant-caps: normal; font-weight: 300; letter-spacing: -0.38px;\"><span data-mce-style=\"color: #000000; font-size: 18px;\" style=\"color: rgb(0, 0, 0); font-size: 18px;\">Ein Vorteil bei der Mehlbirne war sicher auch, dass sie fr\u00fch reifte. Auf eine andere Eigenschaft h\u00e4tte man vielleicht eher verzichten k\u00f6nnen.<\/span><\/p><p style=\"margin-bottom: 0px; color: rgb(34, 34, 34); font-family: &quot;Noto Sans&quot;, sans-serif, google; font-size: 23.75px; font-style: normal; font-variant-ligatures: normal; font-variant-caps: normal; font-weight: 300; letter-spacing: -0.38px;\"><span data-mce-style=\"color: #000000; font-size: 18px;\" style=\"color: rgb(0, 0, 0); font-size: 18px;\">&nbsp;<\/span><\/p><p style=\"margin-bottom: 0px; color: rgb(34, 34, 34); font-family: &quot;Noto Sans&quot;, sans-serif, google; font-size: 23.75px; font-style: normal; font-variant-ligatures: normal; font-variant-caps: normal; font-weight: 300; letter-spacing: -0.38px;\"><span data-mce-style=\"color: #000000; font-size: 18px;\" style=\"color: rgb(0, 0, 0); font-size: 18px;\">Es ist jene, die auch im heutigen Fasnatruf der N\u00fcziger erw\u00e4hnt wird.<\/span><\/p><p style=\"margin-bottom: 0px; color: rgb(34, 34, 34); font-family: &quot;Noto Sans&quot;, sans-serif, google; font-size: 23.75px; font-style: normal; font-variant-ligatures: normal; font-variant-caps: normal; font-weight: 300; letter-spacing: -0.38px;\"><span data-mce-style=\"color: #000000; font-size: 18px;\" style=\"color: rgb(0, 0, 0); font-size: 18px;\">&nbsp;<\/span><\/p><p style=\"margin-bottom: 0px; color: rgb(34, 34, 34); font-family: &quot;Noto Sans&quot;, sans-serif, google; font-size: 23.75px; font-style: normal; font-variant-ligatures: normal; font-variant-caps: normal; font-weight: 300; letter-spacing: -0.38px;\"><span data-mce-style=\"color: #000000; font-size: 18px;\" style=\"color: rgb(0, 0, 0); font-size: 18px;\"><span style=\"font-weight: 700 !important;\">Bira, Bira &#8211; M\u00e4hl!<\/span><\/span><\/p><p style=\"margin-bottom: 0px; color: rgb(34, 34, 34); font-family: &quot;Noto Sans&quot;, sans-serif, google; font-size: 23.75px; font-style: normal; font-variant-ligatures: normal; font-variant-caps: normal; font-weight: 300; letter-spacing: -0.38px;\"><span data-mce-style=\"color: #000000; font-size: 18px;\" style=\"color: rgb(0, 0, 0); font-size: 18px;\">&nbsp;<\/span><\/p><p style=\"margin-bottom: 0px; color: rgb(34, 34, 34); font-family: &quot;Noto Sans&quot;, sans-serif, google; font-size: 23.75px; font-style: normal; font-variant-ligatures: normal; font-variant-caps: normal; font-weight: 300; letter-spacing: -0.38px;\"><span data-mce-style=\"color: #000000; font-size: 12px;\" style=\"color: rgb(0, 0, 0); font-size: 12px;\">Quelle: VN-Serie: Orts\u00fcbernamen (62\/96)<\/span><\/p>\t\t\t\t\t\t\t\t<\/div>\n\t\t\t\t<\/div>\n\t\t\t\t\t<\/div>\n\t\t<\/div>\n\t\t\t\t\t<\/div>\n\t\t<\/section>\n\t\t\t\t<\/div>\n\t\t","protected":false},"excerpt":{"rendered":"<p>Die N\u00fcziger werden im Ortsnamen die \u201eM\u00e4hlbiren&#8220; genannt, weil N\u00fcziders fr\u00fcher einen riesigen Bestand an eben diesen \u201eM\u00e4hlbira&#8220;-Obstb\u00e4umen hatte. \u00a0 M\u00e4hlbira im Wappen. Gemeinde N\u00fcziders &#8222;M\u00e4hlbira&#8220; aus N\u00fcziders &nbsp; Mit dem uralten Namen N\u00fcziders hat der \u00dcbername der N\u00fcziger offensichtlich nichts zu tun, der bedeute n\u00e4mlich so viel wie &#8222;Nu\u00dfdorf&#8220;. So hat es seinerzeit der [&hellip;]<\/p>\n","protected":false},"author":1,"featured_media":0,"parent":0,"menu_order":0,"comment_status":"closed","ping_status":"closed","template":"","meta":{"ocean_post_layout":"full-screen","ocean_both_sidebars_style":"","ocean_both_sidebars_content_width":0,"ocean_both_sidebars_sidebars_width":0,"ocean_sidebar":"","ocean_second_sidebar":"","ocean_disable_margins":"enable","ocean_add_body_class":"","ocean_shortcode_before_top_bar":"","ocean_shortcode_after_top_bar":"","ocean_shortcode_before_header":"","ocean_shortcode_after_header":"","ocean_has_shortcode":"","ocean_shortcode_after_title":"","ocean_shortcode_before_footer_widgets":"","ocean_shortcode_after_footer_widgets":"","ocean_shortcode_before_footer_bottom":"","ocean_shortcode_after_footer_bottom":"","ocean_display_top_bar":"default","ocean_display_header":"default","ocean_header_style":"","ocean_center_header_left_menu":"","ocean_custom_header_template":"","ocean_custom_logo":0,"ocean_custom_retina_logo":0,"ocean_custom_logo_max_width":0,"ocean_custom_logo_tablet_max_width":0,"ocean_custom_logo_mobile_max_width":0,"ocean_custom_logo_max_height":0,"ocean_custom_logo_tablet_max_height":0,"ocean_custom_logo_mobile_max_height":0,"ocean_header_custom_menu":"","ocean_menu_typo_font_family":"","ocean_menu_typo_font_subset":"","ocean_menu_typo_font_size":0,"ocean_menu_typo_font_size_tablet":0,"ocean_menu_typo_font_size_mobile":0,"ocean_menu_typo_font_size_unit":"px","ocean_menu_typo_font_weight":"","ocean_menu_typo_font_weight_tablet":"","ocean_menu_typo_font_weight_mobile":"","ocean_menu_typo_transform":"","ocean_menu_typo_transform_tablet":"","ocean_menu_typo_transform_mobile":"","ocean_menu_typo_line_height":0,"ocean_menu_typo_line_height_tablet":0,"ocean_menu_typo_line_height_mobile":0,"ocean_menu_typo_line_height_unit":"","ocean_menu_typo_spacing":0,"ocean_menu_typo_spacing_tablet":0,"ocean_menu_typo_spacing_mobile":0,"ocean_menu_typo_spacing_unit":"","ocean_menu_link_color":"","ocean_menu_link_color_hover":"","ocean_menu_link_color_active":"","ocean_menu_link_background":"","ocean_menu_link_hover_background":"","ocean_menu_link_active_background":"","ocean_menu_social_links_bg":"","ocean_menu_social_hover_links_bg":"","ocean_menu_social_links_color":"","ocean_menu_social_hover_links_color":"","ocean_disable_title":"on","ocean_disable_heading":"default","ocean_post_title":"","ocean_post_subheading":"","ocean_post_title_style":"","ocean_post_title_background_color":"","ocean_post_title_background":0,"ocean_post_title_bg_image_position":"","ocean_post_title_bg_image_attachment":"","ocean_post_title_bg_image_repeat":"","ocean_post_title_bg_image_size":"","ocean_post_title_height":0,"ocean_post_title_bg_overlay":0.5,"ocean_post_title_bg_overlay_color":"","ocean_disable_breadcrumbs":"default","ocean_breadcrumbs_color":"","ocean_breadcrumbs_separator_color":"","ocean_breadcrumbs_links_color":"","ocean_breadcrumbs_links_hover_color":"","ocean_display_footer_widgets":"off","ocean_display_footer_bottom":"off","ocean_custom_footer_template":"","footnotes":""},"class_list":["post-287","page","type-page","status-publish","hentry","entry"],"_links":{"self":[{"href":"https:\/\/www.maehlbira.at\/home\/wp-json\/wp\/v2\/pages\/287","targetHints":{"allow":["GET"]}}],"collection":[{"href":"https:\/\/www.maehlbira.at\/home\/wp-json\/wp\/v2\/pages"}],"about":[{"href":"https:\/\/www.maehlbira.at\/home\/wp-json\/wp\/v2\/types\/page"}],"author":[{"embeddable":true,"href":"https:\/\/www.maehlbira.at\/home\/wp-json\/wp\/v2\/users\/1"}],"replies":[{"embeddable":true,"href":"https:\/\/www.maehlbira.at\/home\/wp-json\/wp\/v2\/comments?post=287"}],"version-history":[{"count":11,"href":"https:\/\/www.maehlbira.at\/home\/wp-json\/wp\/v2\/pages\/287\/revisions"}],"predecessor-version":[{"id":909,"href":"https:\/\/www.maehlbira.at\/home\/wp-json\/wp\/v2\/pages\/287\/revisions\/909"}],"wp:attachment":[{"href":"https:\/\/www.maehlbira.at\/home\/wp-json\/wp\/v2\/media?parent=287"}],"curies":[{"name":"wp","href":"https:\/\/api.w.org\/{rel}","templated":true}]}}