{"id":285,"date":"2023-10-24T10:55:04","date_gmt":"2023-10-24T08:55:04","guid":{"rendered":"https:\/\/www.maehlbira.at\/home\/?page_id=285"},"modified":"2023-11-30T10:04:29","modified_gmt":"2023-11-30T09:04:29","slug":"geschichte","status":"publish","type":"page","link":"https:\/\/www.maehlbira.at\/home\/geschichte\/","title":{"rendered":"Geschichte"},"content":{"rendered":"\t\t<div data-elementor-type=\"wp-page\" data-elementor-id=\"285\" class=\"elementor elementor-285\">\n\t\t\t\t<div class=\"elementor-element elementor-element-5881d5c e-flex e-con-boxed e-con e-parent\" data-id=\"5881d5c\" data-element_type=\"container\" data-e-type=\"container\">\n\t\t\t\t\t<div class=\"e-con-inner\">\n\t\t\t\t<div class=\"elementor-element elementor-element-5924964 elementor-widget elementor-widget-heading\" data-id=\"5924964\" data-element_type=\"widget\" data-e-type=\"widget\" data-widget_type=\"heading.default\">\n\t\t\t\t<div class=\"elementor-widget-container\">\n\t\t\t\t\t<h1 class=\"elementor-heading-title elementor-size-xxl\">Geschichte<\/h1>\t\t\t\t<\/div>\n\t\t\t\t<\/div>\n\t\t\t\t<div class=\"elementor-element elementor-element-99ce796 elementor-widget-divider--view-line elementor-widget elementor-widget-divider\" data-id=\"99ce796\" data-element_type=\"widget\" data-e-type=\"widget\" data-widget_type=\"divider.default\">\n\t\t\t\t<div class=\"elementor-widget-container\">\n\t\t\t\t\t\t\t<div class=\"elementor-divider\">\n\t\t\t<span class=\"elementor-divider-separator\">\n\t\t\t\t\t\t<\/span>\n\t\t<\/div>\n\t\t\t\t\t\t<\/div>\n\t\t\t\t<\/div>\n\t\t\t\t\t<\/div>\n\t\t\t\t<\/div>\n\t\t<div class=\"elementor-element elementor-element-ca6d5d9 e-flex e-con-boxed e-con e-parent\" data-id=\"ca6d5d9\" data-element_type=\"container\" data-e-type=\"container\">\n\t\t\t\t\t<div class=\"e-con-inner\">\n\t\t<div class=\"elementor-element elementor-element-1b71431 e-con-full e-flex e-con e-child\" data-id=\"1b71431\" data-element_type=\"container\" data-e-type=\"container\">\n\t\t\t\t<div class=\"elementor-element elementor-element-af4c70d elementor-widget elementor-widget-text-editor\" data-id=\"af4c70d\" data-element_type=\"widget\" data-e-type=\"widget\" data-widget_type=\"text-editor.default\">\n\t\t\t\t<div class=\"elementor-widget-container\">\n\t\t\t\t\t\t\t\t\t<p>Gleich nach dem zweiten Weltkrieg wurden die ersten N\u00fcziger Faschingsumz\u00fcge &#8222;um den Stock&#8220; durchgef\u00fchrt. Dabei wurde mit LKW&#8217;s, Traktoren mit Anh\u00e4nger auf denen Musikkapellen und Jori&#8217;s sa\u00dfen, die Strecke N\u00fcziders &#8211; Ludesch &#8211; Th\u00fcringen &#8211; Bludesch &#8211; Nenzing &#8211; N\u00fcziders abgefahren..<\/p>\t\t\t\t\t\t\t\t<\/div>\n\t\t\t\t<\/div>\n\t\t\t\t<\/div>\n\t\t<div class=\"elementor-element elementor-element-c119822 e-con-full e-flex e-con e-child\" data-id=\"c119822\" data-element_type=\"container\" data-e-type=\"container\">\n\t\t\t\t<div class=\"elementor-element elementor-element-d1fee41 elementor-widget elementor-widget-image\" data-id=\"d1fee41\" data-element_type=\"widget\" data-e-type=\"widget\" data-widget_type=\"image.default\">\n\t\t\t\t<div class=\"elementor-widget-container\">\n\t\t\t\t\t\t\t\t\t\t\t\t<figure class=\"wp-caption\">\n\t\t\t\t\t\t\t\t\t\t<img decoding=\"async\" src=\"https:\/\/www.maehlbira.at\/wp-content\/uploads\/2023\/10\/1975-1.jpg\" title=\"\" alt=\"\" loading=\"lazy\" \/>\t\t\t\t\t\t\t\t\t\t\t<figcaption class=\"widget-image-caption wp-caption-text\"><\/figcaption>\n\t\t\t\t\t\t\t\t\t\t<\/figure>\n\t\t\t\t\t\t\t\t\t<\/div>\n\t\t\t\t<\/div>\n\t\t\t\t<\/div>\n\t\t\t\t\t<\/div>\n\t\t\t\t<\/div>\n\t\t<div class=\"elementor-element elementor-element-968925b e-flex e-con-boxed e-con e-parent\" data-id=\"968925b\" data-element_type=\"container\" data-e-type=\"container\">\n\t\t\t\t\t<div class=\"e-con-inner\">\n\t\t\t\t<div class=\"elementor-element elementor-element-f4bf082 elementor-widget-divider--view-line elementor-widget elementor-widget-divider\" data-id=\"f4bf082\" data-element_type=\"widget\" data-e-type=\"widget\" data-widget_type=\"divider.default\">\n\t\t\t\t<div class=\"elementor-widget-container\">\n\t\t\t\t\t\t\t<div class=\"elementor-divider\">\n\t\t\t<span class=\"elementor-divider-separator\">\n\t\t\t\t\t\t<\/span>\n\t\t<\/div>\n\t\t\t\t\t\t<\/div>\n\t\t\t\t<\/div>\n\t\t\t\t\t<\/div>\n\t\t\t\t<\/div>\n\t\t<div class=\"elementor-element elementor-element-f2679dc e-flex e-con-boxed e-con e-parent\" data-id=\"f2679dc\" data-element_type=\"container\" data-e-type=\"container\">\n\t\t\t\t\t<div class=\"e-con-inner\">\n\t\t<div class=\"elementor-element elementor-element-1bacae8 e-con-full e-flex e-con e-child\" data-id=\"1bacae8\" data-element_type=\"container\" data-e-type=\"container\">\n\t\t\t\t<div class=\"elementor-element elementor-element-78a59d2 elementor-widget elementor-widget-image\" data-id=\"78a59d2\" data-element_type=\"widget\" data-e-type=\"widget\" data-widget_type=\"image.default\">\n\t\t\t\t<div class=\"elementor-widget-container\">\n\t\t\t\t\t\t\t\t\t\t\t\t\t\t\t<img decoding=\"async\" width=\"240\" height=\"159\" src=\"https:\/\/www.maehlbira.at\/wp-content\/uploads\/2023\/10\/1997.jpg\" class=\"attachment-large size-large wp-image-252\" alt=\"\" \/>\t\t\t\t\t\t\t\t\t\t\t\t\t\t\t<\/div>\n\t\t\t\t<\/div>\n\t\t\t\t<\/div>\n\t\t<div class=\"elementor-element elementor-element-36be31b e-con-full e-flex e-con e-child\" data-id=\"36be31b\" data-element_type=\"container\" data-e-type=\"container\">\n\t\t\t\t<div class=\"elementor-element elementor-element-c60d41b elementor-widget elementor-widget-text-editor\" data-id=\"c60d41b\" data-element_type=\"widget\" data-e-type=\"widget\" data-widget_type=\"text-editor.default\">\n\t\t\t\t<div class=\"elementor-widget-container\">\n\t\t\t\t\t\t\t\t\t<p>Im Jahre 1975 wurde der erste fahrbare Burgwagen gebaut und seit diesem Jahr nimmt die M\u00e4hlbira Fasnatzunft allj\u00e4hrlich an vielen Fasnatumz\u00fcgen teil. 1997 wurde der alte Burgwagen durch eine fixe Burg auf einer Anh\u00e4ngerkonstruktion gebaut.<\/p>\t\t\t\t\t\t\t\t<\/div>\n\t\t\t\t<\/div>\n\t\t\t\t<\/div>\n\t\t\t\t\t<\/div>\n\t\t\t\t<\/div>\n\t\t<div class=\"elementor-element elementor-element-e7dc0f1 e-flex e-con-boxed e-con e-parent\" data-id=\"e7dc0f1\" data-element_type=\"container\" data-e-type=\"container\">\n\t\t\t\t\t<div class=\"e-con-inner\">\n\t\t\t\t<div class=\"elementor-element elementor-element-1b53188 elementor-widget-divider--view-line elementor-widget elementor-widget-divider\" data-id=\"1b53188\" data-element_type=\"widget\" data-e-type=\"widget\" data-widget_type=\"divider.default\">\n\t\t\t\t<div class=\"elementor-widget-container\">\n\t\t\t\t\t\t\t<div class=\"elementor-divider\">\n\t\t\t<span class=\"elementor-divider-separator\">\n\t\t\t\t\t\t<\/span>\n\t\t<\/div>\n\t\t\t\t\t\t<\/div>\n\t\t\t\t<\/div>\n\t\t\t\t\t<\/div>\n\t\t\t\t<\/div>\n\t\t<div class=\"elementor-element elementor-element-d5e2023 e-flex e-con-boxed e-con e-parent\" data-id=\"d5e2023\" data-element_type=\"container\" data-e-type=\"container\">\n\t\t\t\t\t<div class=\"e-con-inner\">\n\t\t<div class=\"elementor-element elementor-element-8f17493 e-con-full e-flex e-con e-child\" data-id=\"8f17493\" data-element_type=\"container\" data-e-type=\"container\">\n\t\t\t\t<div class=\"elementor-element elementor-element-309eea3 elementor-widget elementor-widget-text-editor\" data-id=\"309eea3\" data-element_type=\"widget\" data-e-type=\"widget\" data-widget_type=\"text-editor.default\">\n\t\t\t\t<div class=\"elementor-widget-container\">\n\t\t\t\t\t\t\t\t\t<p>\u00a0<\/p><p><span style=\"color: #000000; font-size: 18px;\">Die M\u00c4HLBIRA-H\u00c4CHLA, die Fasnatzeitung der N\u00fcziger ist weithin \u00fcber die Gemeindegrenzen hinaus bekannt und beliebt.<\/span><\/p><p><span style=\"color: #000000; font-size: 18px;\">\u00a0<\/span><\/p><p><span style=\"color: #000000; font-size: 18px;\">Diese wird von einem H\u00e4chla-Team bestehend aus 10 Redakteuren und Zeichnern geschrieben und gestaltet. Die H\u00e4chla wird am Fasnatsamstag von den Zunftmitgliedern und deren Helfern druckfrisch verkauft.<\/span><\/p>\t\t\t\t\t\t\t\t<\/div>\n\t\t\t\t<\/div>\n\t\t\t\t<\/div>\n\t\t<div class=\"elementor-element elementor-element-dbc3170 e-con-full e-flex e-con e-child\" data-id=\"dbc3170\" data-element_type=\"container\" data-e-type=\"container\">\n\t\t\t\t<div class=\"elementor-element elementor-element-17d834b elementor-widget elementor-widget-image\" data-id=\"17d834b\" data-element_type=\"widget\" data-e-type=\"widget\" data-widget_type=\"image.default\">\n\t\t\t\t<div class=\"elementor-widget-container\">\n\t\t\t\t\t\t\t\t\t\t\t\t<figure class=\"wp-caption\">\n\t\t\t\t\t\t\t\t\t\t<img decoding=\"async\" width=\"139\" height=\"139\" src=\"https:\/\/www.maehlbira.at\/wp-content\/uploads\/2023\/10\/Werner-H.jpg\" class=\"attachment-large size-large wp-image-240\" alt=\"\" \/>\t\t\t\t\t\t\t\t\t\t\t<figcaption class=\"widget-image-caption wp-caption-text\">Werner Heller<\/figcaption>\n\t\t\t\t\t\t\t\t\t\t<\/figure>\n\t\t\t\t\t\t\t\t\t<\/div>\n\t\t\t\t<\/div>\n\t\t\t\t<\/div>\n\t\t\t\t\t<\/div>\n\t\t\t\t<\/div>\n\t\t<div class=\"elementor-element elementor-element-61dbd0a e-flex e-con-boxed e-con e-parent\" data-id=\"61dbd0a\" data-element_type=\"container\" data-e-type=\"container\">\n\t\t\t\t\t<div class=\"e-con-inner\">\n\t\t\t\t<div class=\"elementor-element elementor-element-c9bf4cc elementor-widget-divider--view-line elementor-widget elementor-widget-divider\" data-id=\"c9bf4cc\" data-element_type=\"widget\" data-e-type=\"widget\" data-widget_type=\"divider.default\">\n\t\t\t\t<div class=\"elementor-widget-container\">\n\t\t\t\t\t\t\t<div class=\"elementor-divider\">\n\t\t\t<span class=\"elementor-divider-separator\">\n\t\t\t\t\t\t<\/span>\n\t\t<\/div>\n\t\t\t\t\t\t<\/div>\n\t\t\t\t<\/div>\n\t\t\t\t\t<\/div>\n\t\t\t\t<\/div>\n\t\t<div class=\"elementor-element elementor-element-71b6e3a e-flex e-con-boxed e-con e-parent\" data-id=\"71b6e3a\" data-element_type=\"container\" data-e-type=\"container\">\n\t\t\t\t\t<div class=\"e-con-inner\">\n\t\t<div class=\"elementor-element elementor-element-31d4bf2 e-con-full e-flex e-con e-child\" data-id=\"31d4bf2\" data-element_type=\"container\" data-e-type=\"container\">\n\t\t\t\t<div class=\"elementor-element elementor-element-bdfb231 elementor-widget elementor-widget-image\" data-id=\"bdfb231\" data-element_type=\"widget\" data-e-type=\"widget\" data-widget_type=\"image.default\">\n\t\t\t\t<div class=\"elementor-widget-container\">\n\t\t\t\t\t\t\t\t\t\t\t\t<figure class=\"wp-caption\">\n\t\t\t\t\t\t\t\t\t\t<img decoding=\"async\" width=\"162\" height=\"242\" src=\"https:\/\/www.maehlbira.at\/wp-content\/uploads\/2023\/10\/Funken.jpg\" class=\"attachment-large size-large wp-image-255\" alt=\"\" \/>\t\t\t\t\t\t\t\t\t\t\t<figcaption class=\"widget-image-caption wp-caption-text\">Aufbau des Funkens<\/figcaption>\n\t\t\t\t\t\t\t\t\t\t<\/figure>\n\t\t\t\t\t\t\t\t\t<\/div>\n\t\t\t\t<\/div>\n\t\t\t\t<\/div>\n\t\t<div class=\"elementor-element elementor-element-06c44e8 e-con-full e-flex e-con e-child\" data-id=\"06c44e8\" data-element_type=\"container\" data-e-type=\"container\">\n\t\t\t\t<div class=\"elementor-element elementor-element-5f17368 elementor-widget elementor-widget-text-editor\" data-id=\"5f17368\" data-element_type=\"widget\" data-e-type=\"widget\" data-widget_type=\"text-editor.default\">\n\t\t\t\t<div class=\"elementor-widget-container\">\n\t\t\t\t\t\t\t\t\t<p><span style=\"color: #000000; font-size: 18px;\">Das Funkenabbrennen, ein alter alemannischer Brauch, findet in vielen Vorarlberger Orten immer am Samstag nach dem Aschermittwoch statt.<\/span><\/p><p><span style=\"color: #000000; font-size: 18px;\">\u00a0<\/span><\/p><p><span style=\"color: #000000; font-size: 18px;\">Dieses grosse Feuer soll nach altem Brauch den Winter vertreiben. Die kalte Jahreszeit wird durch die Funkenhexe, die auf der Spitze des Funkens angebracht ist, symbolisiert.<\/span><\/p><p><span style=\"color: #000000; font-size: 18px;\">\u00a0<\/span><\/p><p><span style=\"color: #000000; font-size: 18px;\"><strong>Die Funken werden von den Funkenz\u00fcnften erstellt, in N\u00fcziders wird die Aufgabe der Funkenzunft seit 1955 von der Ortsfeuerwehr N\u00fcziders ausgef\u00fchrt.<\/strong><\/span><\/p><p>\u00a0<\/p>\t\t\t\t\t\t\t\t<\/div>\n\t\t\t\t<\/div>\n\t\t\t\t<\/div>\n\t\t\t\t\t<\/div>\n\t\t\t\t<\/div>\n\t\t<div class=\"elementor-element elementor-element-e997c84 e-flex e-con-boxed e-con e-parent\" data-id=\"e997c84\" data-element_type=\"container\" data-e-type=\"container\">\n\t\t\t\t\t<div class=\"e-con-inner\">\n\t\t\t\t<div class=\"elementor-element elementor-element-0113109 elementor-widget-divider--view-line elementor-widget elementor-widget-divider\" data-id=\"0113109\" data-element_type=\"widget\" data-e-type=\"widget\" data-widget_type=\"divider.default\">\n\t\t\t\t<div class=\"elementor-widget-container\">\n\t\t\t\t\t\t\t<div class=\"elementor-divider\">\n\t\t\t<span class=\"elementor-divider-separator\">\n\t\t\t\t\t\t<\/span>\n\t\t<\/div>\n\t\t\t\t\t\t<\/div>\n\t\t\t\t<\/div>\n\t\t\t\t\t<\/div>\n\t\t\t\t<\/div>\n\t\t<div class=\"elementor-element elementor-element-dd488cf e-flex e-con-boxed e-con e-parent\" data-id=\"dd488cf\" data-element_type=\"container\" data-e-type=\"container\">\n\t\t\t\t\t<div class=\"e-con-inner\">\n\t\t<div class=\"elementor-element elementor-element-22a90ff e-con-full e-flex e-con e-child\" data-id=\"22a90ff\" data-element_type=\"container\" data-e-type=\"container\">\n\t\t\t\t<div class=\"elementor-element elementor-element-384a91e elementor-widget elementor-widget-text-editor\" data-id=\"384a91e\" data-element_type=\"widget\" data-e-type=\"widget\" data-widget_type=\"text-editor.default\">\n\t\t\t\t<div class=\"elementor-widget-container\">\n\t\t\t\t\t\t\t\t\t<p><span style=\"color: #000000; font-size: 18px;\">Am Samstag wird der Funken aufgebaut und mit den Sch\u00fclern werden Holzfackeln angefertigt.<\/span><\/p><p><span style=\"color: #000000; font-size: 18px;\">\u00a0<\/span><\/p><p><span style=\"color: #000000; font-size: 18px;\">Am Funkensamstag f\u00fchrt der Funkenzug mit den Kinderg\u00e4rtlern mit ihren Lampions, den Fackeltr\u00e4gern, der Harmoniemusik und der Dorfbev\u00f6lkerung vom Dorfzentrum zum Funkenplatz.<\/span><\/p><p><span style=\"color: #000000; font-size: 18px;\">\u00a0<\/span><\/p><p><span style=\"color: #000000; font-size: 18px;\">Dort wird der Funken vom Funkenmeister entz\u00fcndet und abgebrannt.<\/span><\/p><p>\u00a0<\/p>\t\t\t\t\t\t\t\t<\/div>\n\t\t\t\t<\/div>\n\t\t\t\t<\/div>\n\t\t<div class=\"elementor-element elementor-element-e90aa42 e-con-full e-flex e-con e-child\" data-id=\"e90aa42\" data-element_type=\"container\" data-e-type=\"container\">\n\t\t\t\t<div class=\"elementor-element elementor-element-d319332 elementor-widget elementor-widget-image\" data-id=\"d319332\" data-element_type=\"widget\" data-e-type=\"widget\" data-widget_type=\"image.default\">\n\t\t\t\t<div class=\"elementor-widget-container\">\n\t\t\t\t\t\t\t\t\t\t\t\t<figure class=\"wp-caption\">\n\t\t\t\t\t\t\t\t\t\t<img loading=\"lazy\" decoding=\"async\" width=\"150\" height=\"225\" src=\"https:\/\/www.maehlbira.at\/wp-content\/uploads\/2023\/10\/Funken-2.jpg\" class=\"attachment-large size-large wp-image-256\" alt=\"\" \/>\t\t\t\t\t\t\t\t\t\t\t<figcaption class=\"widget-image-caption wp-caption-text\">Funken N\u00fcziders<\/figcaption>\n\t\t\t\t\t\t\t\t\t\t<\/figure>\n\t\t\t\t\t\t\t\t\t<\/div>\n\t\t\t\t<\/div>\n\t\t\t\t<\/div>\n\t\t\t\t\t<\/div>\n\t\t\t\t<\/div>\n\t\t<div class=\"elementor-element elementor-element-609b9e0 e-flex e-con-boxed e-con e-parent\" data-id=\"609b9e0\" data-element_type=\"container\" data-e-type=\"container\">\n\t\t\t\t\t<div class=\"e-con-inner\">\n\t\t\t\t<div class=\"elementor-element elementor-element-88c3216 elementor-widget-divider--view-line elementor-widget elementor-widget-divider\" data-id=\"88c3216\" data-element_type=\"widget\" data-e-type=\"widget\" data-widget_type=\"divider.default\">\n\t\t\t\t<div class=\"elementor-widget-container\">\n\t\t\t\t\t\t\t<div class=\"elementor-divider\">\n\t\t\t<span class=\"elementor-divider-separator\">\n\t\t\t\t\t\t<\/span>\n\t\t<\/div>\n\t\t\t\t\t\t<\/div>\n\t\t\t\t<\/div>\n\t\t\t\t\t<\/div>\n\t\t\t\t<\/div>\n\t\t\t\t<\/div>\n\t\t","protected":false},"excerpt":{"rendered":"<p>Geschichte Gleich nach dem zweiten Weltkrieg wurden die ersten N\u00fcziger Faschingsumz\u00fcge &#8222;um den Stock&#8220; durchgef\u00fchrt. Dabei wurde mit LKW&#8217;s, Traktoren mit Anh\u00e4nger auf denen Musikkapellen und Jori&#8217;s sa\u00dfen, die Strecke N\u00fcziders &#8211; Ludesch &#8211; Th\u00fcringen &#8211; Bludesch &#8211; Nenzing &#8211; N\u00fcziders abgefahren.. Im Jahre 1975 wurde der erste fahrbare Burgwagen gebaut und seit diesem Jahr [&hellip;]<\/p>\n","protected":false},"author":1,"featured_media":0,"parent":0,"menu_order":0,"comment_status":"closed","ping_status":"closed","template":"","meta":{"ocean_post_layout":"full-screen","ocean_both_sidebars_style":"","ocean_both_sidebars_content_width":0,"ocean_both_sidebars_sidebars_width":0,"ocean_sidebar":"","ocean_second_sidebar":"","ocean_disable_margins":"enable","ocean_add_body_class":"","ocean_shortcode_before_top_bar":"","ocean_shortcode_after_top_bar":"","ocean_shortcode_before_header":"","ocean_shortcode_after_header":"","ocean_has_shortcode":"","ocean_shortcode_after_title":"","ocean_shortcode_before_footer_widgets":"","ocean_shortcode_after_footer_widgets":"","ocean_shortcode_before_footer_bottom":"","ocean_shortcode_after_footer_bottom":"","ocean_display_top_bar":"default","ocean_display_header":"default","ocean_header_style":"","ocean_center_header_left_menu":"","ocean_custom_header_template":"","ocean_custom_logo":0,"ocean_custom_retina_logo":0,"ocean_custom_logo_max_width":0,"ocean_custom_logo_tablet_max_width":0,"ocean_custom_logo_mobile_max_width":0,"ocean_custom_logo_max_height":0,"ocean_custom_logo_tablet_max_height":0,"ocean_custom_logo_mobile_max_height":0,"ocean_header_custom_menu":"","ocean_menu_typo_font_family":"","ocean_menu_typo_font_subset":"","ocean_menu_typo_font_size":0,"ocean_menu_typo_font_size_tablet":0,"ocean_menu_typo_font_size_mobile":0,"ocean_menu_typo_font_size_unit":"px","ocean_menu_typo_font_weight":"","ocean_menu_typo_font_weight_tablet":"","ocean_menu_typo_font_weight_mobile":"","ocean_menu_typo_transform":"","ocean_menu_typo_transform_tablet":"","ocean_menu_typo_transform_mobile":"","ocean_menu_typo_line_height":0,"ocean_menu_typo_line_height_tablet":0,"ocean_menu_typo_line_height_mobile":0,"ocean_menu_typo_line_height_unit":"","ocean_menu_typo_spacing":0,"ocean_menu_typo_spacing_tablet":0,"ocean_menu_typo_spacing_mobile":0,"ocean_menu_typo_spacing_unit":"","ocean_menu_link_color":"","ocean_menu_link_color_hover":"","ocean_menu_link_color_active":"","ocean_menu_link_background":"","ocean_menu_link_hover_background":"","ocean_menu_link_active_background":"","ocean_menu_social_links_bg":"","ocean_menu_social_hover_links_bg":"","ocean_menu_social_links_color":"","ocean_menu_social_hover_links_color":"","ocean_disable_title":"on","ocean_disable_heading":"default","ocean_post_title":"","ocean_post_subheading":"","ocean_post_title_style":"","ocean_post_title_background_color":"","ocean_post_title_background":0,"ocean_post_title_bg_image_position":"","ocean_post_title_bg_image_attachment":"","ocean_post_title_bg_image_repeat":"","ocean_post_title_bg_image_size":"","ocean_post_title_height":0,"ocean_post_title_bg_overlay":0.5,"ocean_post_title_bg_overlay_color":"","ocean_disable_breadcrumbs":"default","ocean_breadcrumbs_color":"","ocean_breadcrumbs_separator_color":"","ocean_breadcrumbs_links_color":"","ocean_breadcrumbs_links_hover_color":"","ocean_display_footer_widgets":"off","ocean_display_footer_bottom":"off","ocean_custom_footer_template":"","footnotes":""},"class_list":["post-285","page","type-page","status-publish","hentry","entry"],"_links":{"self":[{"href":"https:\/\/www.maehlbira.at\/home\/wp-json\/wp\/v2\/pages\/285","targetHints":{"allow":["GET"]}}],"collection":[{"href":"https:\/\/www.maehlbira.at\/home\/wp-json\/wp\/v2\/pages"}],"about":[{"href":"https:\/\/www.maehlbira.at\/home\/wp-json\/wp\/v2\/types\/page"}],"author":[{"embeddable":true,"href":"https:\/\/www.maehlbira.at\/home\/wp-json\/wp\/v2\/users\/1"}],"replies":[{"embeddable":true,"href":"https:\/\/www.maehlbira.at\/home\/wp-json\/wp\/v2\/comments?post=285"}],"version-history":[{"count":11,"href":"https:\/\/www.maehlbira.at\/home\/wp-json\/wp\/v2\/pages\/285\/revisions"}],"predecessor-version":[{"id":908,"href":"https:\/\/www.maehlbira.at\/home\/wp-json\/wp\/v2\/pages\/285\/revisions\/908"}],"wp:attachment":[{"href":"https:\/\/www.maehlbira.at\/home\/wp-json\/wp\/v2\/media?parent=285"}],"curies":[{"name":"wp","href":"https:\/\/api.w.org\/{rel}","templated":true}]}}